{"id":1039,"date":"2023-08-21T20:19:21","date_gmt":"2023-08-21T20:19:21","guid":{"rendered":"https:\/\/baroquearabesque.com\/?page_id=1039"},"modified":"2023-09-01T16:00:41","modified_gmt":"2023-09-01T16:00:41","slug":"orwa-saleh","status":"publish","type":"page","link":"https:\/\/baroquearabesque.com\/de\/orwa-saleh\/","title":{"rendered":"Orwa Saleh"},"content":{"rendered":"<div data-elementor-type=\"wp-page\" data-elementor-id=\"1039\" class=\"elementor elementor-1039\">\n\t\t\t\t\t\t<section class=\"elementor-section elementor-top-section elementor-element elementor-element-380ed88 elementor-section-boxed elementor-section-height-default elementor-section-height-default\" data-id=\"380ed88\" data-element_type=\"section\">\n\t\t\t\t\t\t<div class=\"elementor-container elementor-column-gap-default\">\n\t\t\t\t\t<div class=\"elementor-column elementor-col-100 elementor-top-column elementor-element elementor-element-19f35aa\" data-id=\"19f35aa\" data-element_type=\"column\">\n\t\t\t<div class=\"elementor-widget-wrap elementor-element-populated\">\n\t\t\t\t\t\t<div class=\"elementor-element elementor-element-060bc5b elementor-widget elementor-widget-image\" data-id=\"060bc5b\" data-element_type=\"widget\" data-widget_type=\"image.default\">\n\t\t\t\t<div class=\"elementor-widget-container\">\n\t\t\t<style>\/*! elementor - v3.19.0 - 26-02-2024 *\/\n.elementor-widget-image{text-align:center}.elementor-widget-image a{display:inline-block}.elementor-widget-image a img[src$=\".svg\"]{width:48px}.elementor-widget-image img{vertical-align:middle;display:inline-block}<\/style>\t\t\t\t\t\t\t\t\t\t<img fetchpriority=\"high\" decoding=\"async\" width=\"567\" height=\"354\" src=\"https:\/\/baroquearabesque.com\/wp-content\/uploads\/2023\/09\/Orwa_saleh2.jpg\" class=\"attachment-large size-large wp-image-1177\" alt=\"\" srcset=\"https:\/\/baroquearabesque.com\/wp-content\/uploads\/2023\/09\/Orwa_saleh2.jpg 567w, https:\/\/baroquearabesque.com\/wp-content\/uploads\/2023\/09\/Orwa_saleh2-300x187.jpg 300w, https:\/\/baroquearabesque.com\/wp-content\/uploads\/2023\/09\/Orwa_saleh2-18x12.jpg 18w\" sizes=\"(max-width: 567px) 100vw, 567px\" \/>\t\t\t\t\t\t\t\t\t\t\t\t\t<\/div>\n\t\t\t\t<\/div>\n\t\t\t\t<div class=\"elementor-element elementor-element-75be95e elementor-widget elementor-widget-text-editor\" data-id=\"75be95e\" data-element_type=\"widget\" data-widget_type=\"text-editor.default\">\n\t\t\t\t<div class=\"elementor-widget-container\">\n\t\t\t<style>\/*! elementor - v3.19.0 - 26-02-2024 *\/\n.elementor-widget-text-editor.elementor-drop-cap-view-stacked .elementor-drop-cap{background-color:#69727d;color:#fff}.elementor-widget-text-editor.elementor-drop-cap-view-framed .elementor-drop-cap{color:#69727d;border:3px solid;background-color:transparent}.elementor-widget-text-editor:not(.elementor-drop-cap-view-default) .elementor-drop-cap{margin-top:8px}.elementor-widget-text-editor:not(.elementor-drop-cap-view-default) .elementor-drop-cap-letter{width:1em;height:1em}.elementor-widget-text-editor .elementor-drop-cap{float:left;text-align:center;line-height:1;font-size:50px}.elementor-widget-text-editor .elementor-drop-cap-letter{display:inline-block}<\/style>\t\t\t\t<p style=\"font-weight: 400;\">Orwa Saleh ist ein syrischer Oud-Virtuose und Komponist, dessen Musik seine tiefe Verbundenheit zu seinen kulturellen Wurzeln und seine Leidenschaft f\u00fcr das Geschichtenerz\u00e4hlen widerspiegelt. Er wurde in Damaskus geboren und aufgewachsen und verlie\u00df 2012 sein Heimatland, um sich in \u00d6sterreich niederzulassen. Dort hat er eine erfolgreiche Karriere als Musiker aufgebaut, die seine Erfahrungen mit Vertreibung, Anpassung und kulturellem Austausch widerspiegelt. Orwas Musik zeigt die F\u00e4higkeit der Musik, Grenzen zu \u00fcberwinden und Menschen in einer gemeinsamen Erfahrung von Sch\u00f6nheit und Freude zu vereinen. Von alten syrischen Geschichten bis hin zu zeitgen\u00f6ssischen Empfindungen verwebt Orwa seine unverwechselbare, farbenfrohe Musik mit Riffs, Geschichten und Gedichten. Seine Musik inspiriert weiterhin Menschen auf der ganzen Welt und ist ein Beweis f\u00fcr die Kraft der Musik, kulturelle Unterschiede zu \u00fcberbr\u00fccken und Menschen zu verbinden.<\/p><p style=\"font-weight: 400;\">Orwa&#8217;s music is a testament to the power of music to transcend borders and bring people together in a shared experience of beauty and joy. From ancient Syrian tales to contemporary sensations, Orwa embroiders his distinctive, colorful music with riffs, stories, and poems.<\/p><p style=\"font-weight: 400;\">With his progressive approach to music, Orwa has redefined the way an Oud is played, incorporating elements of Sufi music and European jazz to create a distinctive and multi-layered identity. His exceptional style of performing and his tunes have made him a unique figure in the music industry.<\/p><p style=\"font-weight: 400;\">In Austria, Orwa built his career writing music about the home he left, the home he is building, and the path in between. He has released several albums with different projects, including Raheel (2014), Windows to the East (2016), The Song We Still Remember (2019), The Second Time (2022), and Breezes From Here and There (2022). His music has won critical acclaim and has been performed in various venues worldwide.<\/p><p style=\"font-weight: 400;\">In recognition of his contributions to the cultural integration of Austria, Orwa and his ensemble RUH was honored with the Integration Prize of the City of Linz. Orwa&#8217;s music continues to inspire audiences worldwide and serves as a testament to the power of music to bring people together and bridge cultural divides.<\/p>\t\t\t\t\t\t<\/div>\n\t\t\t\t<\/div>\n\t\t\t\t\t<\/div>\n\t\t<\/div>\n\t\t\t\t\t<\/div>\n\t\t<\/section>\n\t\t\t\t<\/div>","protected":false},"excerpt":{"rendered":"<p>Orwa Saleh is a Syrian Oud virtuoso and composer whose music reflects his deep connection to his cultural roots and his passion for storytelling. Born and raised in Damascus, Orwa left his home country in 2012 and settled in Austria, where he has built a successful career writing music that reflects his experiences of displacement, [&hellip;]<\/p>","protected":false},"author":1,"featured_media":0,"parent":0,"menu_order":0,"comment_status":"closed","ping_status":"closed","template":"","meta":{"site-sidebar-layout":"default","site-content-layout":"","ast-site-content-layout":"","site-content-style":"default","site-sidebar-style":"default","ast-global-header-display":"","ast-banner-title-visibility":"","ast-main-header-display":"","ast-hfb-above-header-display":"","ast-hfb-below-header-display":"","ast-hfb-mobile-header-display":"","site-post-title":"","ast-breadcrumbs-content":"","ast-featured-img":"","footer-sml-layout":"","theme-transparent-header-meta":"","adv-header-id-meta":"","stick-header-meta":"","header-above-stick-meta":"","header-main-stick-meta":"","header-below-stick-meta":"","astra-migrate-meta-layouts":"default","ast-page-background-enabled":"default","ast-page-background-meta":{"desktop":{"background-color":"","background-image":"","background-repeat":"repeat","background-position":"center center","background-size":"auto","background-attachment":"scroll","background-type":"","background-media":"","overlay-type":"","overlay-color":"","overlay-gradient":""},"tablet":{"background-color":"","background-image":"","background-repeat":"repeat","background-position":"center center","background-size":"auto","background-attachment":"scroll","background-type":"","background-media":"","overlay-type":"","overlay-color":"","overlay-gradient":""},"mobile":{"background-color":"","background-image":"","background-repeat":"repeat","background-position":"center center","background-size":"auto","background-attachment":"scroll","background-type":"","background-media":"","overlay-type":"","overlay-color":"","overlay-gradient":""}},"ast-content-background-meta":{"desktop":{"background-color":"var(--ast-global-color-5)","background-image":"","background-repeat":"repeat","background-position":"center center","background-size":"auto","background-attachment":"scroll","background-type":"","background-media":"","overlay-type":"","overlay-color":"","overlay-gradient":""},"tablet":{"background-color":"var(--ast-global-color-5)","background-image":"","background-repeat":"repeat","background-position":"center center","background-size":"auto","background-attachment":"scroll","background-type":"","background-media":"","overlay-type":"","overlay-color":"","overlay-gradient":""},"mobile":{"background-color":"var(--ast-global-color-5)","background-image":"","background-repeat":"repeat","background-position":"center center","background-size":"auto","background-attachment":"scroll","background-type":"","background-media":"","overlay-type":"","overlay-color":"","overlay-gradient":""}},"footnotes":""},"class_list":["post-1039","page","type-page","status-publish","hentry"],"yoast_head":"<!-- This site is optimized with the Yoast SEO plugin v22.1 - https:\/\/yoast.com\/wordpress\/plugins\/seo\/ -->\n<title>Orwa Saleh - Baroque Arabesque<\/title>\n<meta name=\"robots\" content=\"index, follow, max-snippet:-1, max-image-preview:large, max-video-preview:-1\" \/>\n<link rel=\"canonical\" href=\"https:\/\/baroquearabesque.com\/de\/orwa-saleh\/\" \/>\n<meta property=\"og:locale\" content=\"de_DE\" \/>\n<meta property=\"og:type\" content=\"article\" \/>\n<meta property=\"og:title\" content=\"Orwa Saleh - Baroque Arabesque\" \/>\n<meta property=\"og:description\" content=\"Orwa Saleh is a Syrian Oud virtuoso and composer whose music reflects his deep connection to his cultural roots and his passion for storytelling. Born and raised in Damascus, Orwa left his home country in 2012 and settled in Austria, where he has built a successful career writing music that reflects his experiences of displacement, [&hellip;]\" \/>\n<meta property=\"og:url\" content=\"https:\/\/baroquearabesque.com\/de\/orwa-saleh\/\" \/>\n<meta property=\"og:site_name\" content=\"Baroque Arabesque\" \/>\n<meta property=\"article:modified_time\" content=\"2023-09-01T16:00:41+00:00\" \/>\n<meta property=\"og:image\" content=\"https:\/\/baroquearabesque.com\/wp-content\/uploads\/2023\/09\/Orwa_saleh2.jpg\" \/>\n<meta name=\"twitter:card\" content=\"summary_large_image\" \/>\n<meta name=\"twitter:label1\" content=\"Gesch\u00e4tzte Lesezeit\" \/>\n\t<meta name=\"twitter:data1\" content=\"2 Minuten\" \/>\n<script type=\"application\/ld+json\" class=\"yoast-schema-graph\">{\"@context\":\"https:\/\/schema.org\",\"@graph\":[{\"@type\":\"WebPage\",\"@id\":\"https:\/\/baroquearabesque.com\/orwa-saleh\/\",\"url\":\"https:\/\/baroquearabesque.com\/orwa-saleh\/\",\"name\":\"Orwa Saleh - Baroque Arabesque\",\"isPartOf\":{\"@id\":\"https:\/\/baroquearabesque.com\/#website\"},\"datePublished\":\"2023-08-21T20:19:21+00:00\",\"dateModified\":\"2023-09-01T16:00:41+00:00\",\"breadcrumb\":{\"@id\":\"https:\/\/baroquearabesque.com\/orwa-saleh\/#breadcrumb\"},\"inLanguage\":\"de-AT\",\"potentialAction\":[{\"@type\":\"ReadAction\",\"target\":[\"https:\/\/baroquearabesque.com\/orwa-saleh\/\"]}]},{\"@type\":\"BreadcrumbList\",\"@id\":\"https:\/\/baroquearabesque.com\/orwa-saleh\/#breadcrumb\",\"itemListElement\":[{\"@type\":\"ListItem\",\"position\":1,\"name\":\"Home\",\"item\":\"https:\/\/baroquearabesque.com\/\"},{\"@type\":\"ListItem\",\"position\":2,\"name\":\"Orwa Saleh\"}]},{\"@type\":\"WebSite\",\"@id\":\"https:\/\/baroquearabesque.com\/#website\",\"url\":\"https:\/\/baroquearabesque.com\/\",\"name\":\"Baroque Arabesque\",\"description\":\"Baroque World Music\",\"potentialAction\":[{\"@type\":\"SearchAction\",\"target\":{\"@type\":\"EntryPoint\",\"urlTemplate\":\"https:\/\/baroquearabesque.com\/?s={search_term_string}\"},\"query-input\":\"required name=search_term_string\"}],\"inLanguage\":\"de-AT\"}]}<\/script>\n<!-- \/ Yoast SEO plugin. -->","yoast_head_json":{"title":"Orwa Saleh - Baroque Arabesque","robots":{"index":"index","follow":"follow","max-snippet":"max-snippet:-1","max-image-preview":"max-image-preview:large","max-video-preview":"max-video-preview:-1"},"canonical":"https:\/\/baroquearabesque.com\/de\/orwa-saleh\/","og_locale":"de_DE","og_type":"article","og_title":"Orwa Saleh - Baroque Arabesque","og_description":"Orwa Saleh is a Syrian Oud virtuoso and composer whose music reflects his deep connection to his cultural roots and his passion for storytelling. Born and raised in Damascus, Orwa left his home country in 2012 and settled in Austria, where he has built a successful career writing music that reflects his experiences of displacement, [&hellip;]","og_url":"https:\/\/baroquearabesque.com\/de\/orwa-saleh\/","og_site_name":"Baroque Arabesque","article_modified_time":"2023-09-01T16:00:41+00:00","og_image":[{"url":"https:\/\/baroquearabesque.com\/wp-content\/uploads\/2023\/09\/Orwa_saleh2.jpg"}],"twitter_card":"summary_large_image","twitter_misc":{"Gesch\u00e4tzte Lesezeit":"2 Minuten"},"schema":{"@context":"https:\/\/schema.org","@graph":[{"@type":"WebPage","@id":"https:\/\/baroquearabesque.com\/orwa-saleh\/","url":"https:\/\/baroquearabesque.com\/orwa-saleh\/","name":"Orwa Saleh - Baroque Arabesque","isPartOf":{"@id":"https:\/\/baroquearabesque.com\/#website"},"datePublished":"2023-08-21T20:19:21+00:00","dateModified":"2023-09-01T16:00:41+00:00","breadcrumb":{"@id":"https:\/\/baroquearabesque.com\/orwa-saleh\/#breadcrumb"},"inLanguage":"de-AT","potentialAction":[{"@type":"ReadAction","target":["https:\/\/baroquearabesque.com\/orwa-saleh\/"]}]},{"@type":"BreadcrumbList","@id":"https:\/\/baroquearabesque.com\/orwa-saleh\/#breadcrumb","itemListElement":[{"@type":"ListItem","position":1,"name":"Home","item":"https:\/\/baroquearabesque.com\/"},{"@type":"ListItem","position":2,"name":"Orwa Saleh"}]},{"@type":"WebSite","@id":"https:\/\/baroquearabesque.com\/#website","url":"https:\/\/baroquearabesque.com\/","name":"Baroque Arabesque","description":"Baroque World Music","potentialAction":[{"@type":"SearchAction","target":{"@type":"EntryPoint","urlTemplate":"https:\/\/baroquearabesque.com\/?s={search_term_string}"},"query-input":"required name=search_term_string"}],"inLanguage":"de-AT"}]}},"_links":{"self":[{"href":"https:\/\/baroquearabesque.com\/de\/wp-json\/wp\/v2\/pages\/1039","targetHints":{"allow":["GET"]}}],"collection":[{"href":"https:\/\/baroquearabesque.com\/de\/wp-json\/wp\/v2\/pages"}],"about":[{"href":"https:\/\/baroquearabesque.com\/de\/wp-json\/wp\/v2\/types\/page"}],"author":[{"embeddable":true,"href":"https:\/\/baroquearabesque.com\/de\/wp-json\/wp\/v2\/users\/1"}],"replies":[{"embeddable":true,"href":"https:\/\/baroquearabesque.com\/de\/wp-json\/wp\/v2\/comments?post=1039"}],"version-history":[{"count":20,"href":"https:\/\/baroquearabesque.com\/de\/wp-json\/wp\/v2\/pages\/1039\/revisions"}],"predecessor-version":[{"id":1180,"href":"https:\/\/baroquearabesque.com\/de\/wp-json\/wp\/v2\/pages\/1039\/revisions\/1180"}],"wp:attachment":[{"href":"https:\/\/baroquearabesque.com\/de\/wp-json\/wp\/v2\/media?parent=1039"}],"curies":[{"name":"wp","href":"https:\/\/api.w.org\/{rel}","templated":true}]}}