{"id":1088,"date":"2023-08-26T15:53:18","date_gmt":"2023-08-26T15:53:18","guid":{"rendered":"https:\/\/baroquearabesque.com\/?page_id=1088"},"modified":"2023-09-20T08:29:53","modified_gmt":"2023-09-20T08:29:53","slug":"pia-pircher","status":"publish","type":"page","link":"https:\/\/baroquearabesque.com\/de\/pia-pircher\/","title":{"rendered":"Pia Pircher"},"content":{"rendered":"<div data-elementor-type=\"wp-page\" data-elementor-id=\"1088\" class=\"elementor elementor-1088\">\n\t\t\t\t\t\t<section class=\"elementor-section elementor-top-section elementor-element elementor-element-c98bea7 elementor-section-boxed elementor-section-height-default elementor-section-height-default\" data-id=\"c98bea7\" data-element_type=\"section\">\n\t\t\t\t\t\t<div class=\"elementor-container elementor-column-gap-default\">\n\t\t\t\t\t<div class=\"elementor-column elementor-col-100 elementor-top-column elementor-element elementor-element-b619225\" data-id=\"b619225\" data-element_type=\"column\">\n\t\t\t<div class=\"elementor-widget-wrap elementor-element-populated\">\n\t\t\t\t\t\t<div class=\"elementor-element elementor-element-060bc5b elementor-widget elementor-widget-image\" data-id=\"060bc5b\" data-element_type=\"widget\" data-widget_type=\"image.default\">\n\t\t\t\t<div class=\"elementor-widget-container\">\n\t\t\t<style>\/*! elementor - v3.19.0 - 26-02-2024 *\/\n.elementor-widget-image{text-align:center}.elementor-widget-image a{display:inline-block}.elementor-widget-image a img[src$=\".svg\"]{width:48px}.elementor-widget-image img{vertical-align:middle;display:inline-block}<\/style>\t\t\t\t\t\t\t\t\t\t<img fetchpriority=\"high\" decoding=\"async\" width=\"567\" height=\"378\" src=\"https:\/\/baroquearabesque.com\/wp-content\/uploads\/2023\/08\/Laura-Karasinki.jpg\" class=\"attachment-large size-large wp-image-1092\" alt=\"\" srcset=\"https:\/\/baroquearabesque.com\/wp-content\/uploads\/2023\/08\/Laura-Karasinki.jpg 567w, https:\/\/baroquearabesque.com\/wp-content\/uploads\/2023\/08\/Laura-Karasinki-300x200.jpg 300w\" sizes=\"(max-width: 567px) 100vw, 567px\" \/>\t\t\t\t\t\t\t\t\t\t\t\t\t<\/div>\n\t\t\t\t<\/div>\n\t\t\t\t<div class=\"elementor-element elementor-element-75be95e elementor-widget elementor-widget-text-editor\" data-id=\"75be95e\" data-element_type=\"widget\" data-widget_type=\"text-editor.default\">\n\t\t\t\t<div class=\"elementor-widget-container\">\n\t\t\t<style>\/*! elementor - v3.19.0 - 26-02-2024 *\/\n.elementor-widget-text-editor.elementor-drop-cap-view-stacked .elementor-drop-cap{background-color:#69727d;color:#fff}.elementor-widget-text-editor.elementor-drop-cap-view-framed .elementor-drop-cap{color:#69727d;border:3px solid;background-color:transparent}.elementor-widget-text-editor:not(.elementor-drop-cap-view-default) .elementor-drop-cap{margin-top:8px}.elementor-widget-text-editor:not(.elementor-drop-cap-view-default) .elementor-drop-cap-letter{width:1em;height:1em}.elementor-widget-text-editor .elementor-drop-cap{float:left;text-align:center;line-height:1;font-size:50px}.elementor-widget-text-editor .elementor-drop-cap-letter{display:inline-block}<\/style>\t\t\t\t<div dir=\"ltr\"><div dir=\"ltr\"><div class=\" translation-block\">Die in Wien geborene Gambistin Pia Pircher ist seit ihrer fr\u00fchen Kindheit von T\u00f6nen und\nMusik fasziniert. Ihre Ausbildung erhielt sie unter anderem am Royal College of Music\nLondon, der Musikhochschule Trossingen und der Universit\u00e4t Mozarteum. Basierend auf\nihrem Interesse f\u00fcr den \u00e4sthetischen und philosophischen Ursprung und kulturellen\nHintergrund der Kunst, und die Ausdruckskraft der Musik, promovierte sie auch in\nMusikwissenschaften und arbeitet regelm\u00e4\u00dfig mit Komponisten zusammen. Daf\u00fcr erhielt sie\nzahlreiche Auszeichnungen und Preise.<\/div><div>Pia tritt international als Solistin auf, wie bei dem London Handel Festival, und gab\nSolokonzerte in der Queens Gallery\/Buckingham Palace, der Styriarte und Trigonale sowie\ndem Brighton Early Music Festival Live! und dem Fringe Festival Oude Muziek in Utrecht.\nWeiters lehrt sie an der American University in Kairo.<\/div><\/div><\/div>\t\t\t\t\t\t<\/div>\n\t\t\t\t<\/div>\n\t\t\t\t\t<\/div>\n\t\t<\/div>\n\t\t\t\t\t<\/div>\n\t\t<\/section>\n\t\t\t\t<\/div>","protected":false},"excerpt":{"rendered":"<p>The viola da gamba player Pia Pircher, born in Vienna, is fascinated since her early childhood by sounds and music. She studied at the Royal College of Music London, the Musikhochschule Trossingen and the University Mozarteum. Based on her keen interest for the astatically and philosophical origin as well as the cultural background of arts, [&hellip;]<\/p>","protected":false},"author":1,"featured_media":0,"parent":0,"menu_order":0,"comment_status":"closed","ping_status":"closed","template":"elementor_theme","meta":{"site-sidebar-layout":"default","site-content-layout":"","ast-site-content-layout":"","site-content-style":"default","site-sidebar-style":"default","ast-global-header-display":"","ast-banner-title-visibility":"","ast-main-header-display":"","ast-hfb-above-header-display":"","ast-hfb-below-header-display":"","ast-hfb-mobile-header-display":"","site-post-title":"","ast-breadcrumbs-content":"","ast-featured-img":"","footer-sml-layout":"","theme-transparent-header-meta":"","adv-header-id-meta":"","stick-header-meta":"","header-above-stick-meta":"","header-main-stick-meta":"","header-below-stick-meta":"","astra-migrate-meta-layouts":"default","ast-page-background-enabled":"default","ast-page-background-meta":{"desktop":{"background-color":"","background-image":"","background-repeat":"repeat","background-position":"center center","background-size":"auto","background-attachment":"scroll","background-type":"","background-media":"","overlay-type":"","overlay-color":"","overlay-gradient":""},"tablet":{"background-color":"","background-image":"","background-repeat":"repeat","background-position":"center center","background-size":"auto","background-attachment":"scroll","background-type":"","background-media":"","overlay-type":"","overlay-color":"","overlay-gradient":""},"mobile":{"background-color":"","background-image":"","background-repeat":"repeat","background-position":"center center","background-size":"auto","background-attachment":"scroll","background-type":"","background-media":"","overlay-type":"","overlay-color":"","overlay-gradient":""}},"ast-content-background-meta":{"desktop":{"background-color":"var(--ast-global-color-5)","background-image":"","background-repeat":"repeat","background-position":"center center","background-size":"auto","background-attachment":"scroll","background-type":"","background-media":"","overlay-type":"","overlay-color":"","overlay-gradient":""},"tablet":{"background-color":"var(--ast-global-color-5)","background-image":"","background-repeat":"repeat","background-position":"center center","background-size":"auto","background-attachment":"scroll","background-type":"","background-media":"","overlay-type":"","overlay-color":"","overlay-gradient":""},"mobile":{"background-color":"var(--ast-global-color-5)","background-image":"","background-repeat":"repeat","background-position":"center center","background-size":"auto","background-attachment":"scroll","background-type":"","background-media":"","overlay-type":"","overlay-color":"","overlay-gradient":""}},"footnotes":""},"class_list":["post-1088","page","type-page","status-publish","hentry"],"yoast_head":"<!-- This site is optimized with the Yoast SEO plugin v22.1 - https:\/\/yoast.com\/wordpress\/plugins\/seo\/ -->\n<title>Pia Pircher - Baroque Arabesque<\/title>\n<meta name=\"robots\" content=\"index, follow, max-snippet:-1, max-image-preview:large, max-video-preview:-1\" \/>\n<link rel=\"canonical\" href=\"https:\/\/baroquearabesque.com\/de\/pia-pircher\/\" \/>\n<meta property=\"og:locale\" content=\"de_DE\" \/>\n<meta property=\"og:type\" content=\"article\" \/>\n<meta property=\"og:title\" content=\"Pia Pircher - Baroque Arabesque\" \/>\n<meta property=\"og:description\" content=\"The viola da gamba player Pia Pircher, born in Vienna, is fascinated since her early childhood by sounds and music. She studied at the Royal College of Music London, the Musikhochschule Trossingen and the University Mozarteum. Based on her keen interest for the astatically and philosophical origin as well as the cultural background of arts, [&hellip;]\" \/>\n<meta property=\"og:url\" content=\"https:\/\/baroquearabesque.com\/de\/pia-pircher\/\" \/>\n<meta property=\"og:site_name\" content=\"Baroque Arabesque\" \/>\n<meta property=\"article:modified_time\" content=\"2023-09-20T08:29:53+00:00\" \/>\n<meta property=\"og:image\" content=\"https:\/\/baroquearabesque.com\/wp-content\/uploads\/2023\/08\/Laura-Karasinki.jpg\" \/>\n<meta name=\"twitter:card\" content=\"summary_large_image\" \/>\n<meta name=\"twitter:label1\" content=\"Gesch\u00e4tzte Lesezeit\" \/>\n\t<meta name=\"twitter:data1\" content=\"1 Minute\" \/>\n<script type=\"application\/ld+json\" class=\"yoast-schema-graph\">{\"@context\":\"https:\/\/schema.org\",\"@graph\":[{\"@type\":\"WebPage\",\"@id\":\"https:\/\/baroquearabesque.com\/pia-pircher\/\",\"url\":\"https:\/\/baroquearabesque.com\/pia-pircher\/\",\"name\":\"Pia Pircher - Baroque Arabesque\",\"isPartOf\":{\"@id\":\"https:\/\/baroquearabesque.com\/#website\"},\"datePublished\":\"2023-08-26T15:53:18+00:00\",\"dateModified\":\"2023-09-20T08:29:53+00:00\",\"breadcrumb\":{\"@id\":\"https:\/\/baroquearabesque.com\/pia-pircher\/#breadcrumb\"},\"inLanguage\":\"de-AT\",\"potentialAction\":[{\"@type\":\"ReadAction\",\"target\":[\"https:\/\/baroquearabesque.com\/pia-pircher\/\"]}]},{\"@type\":\"BreadcrumbList\",\"@id\":\"https:\/\/baroquearabesque.com\/pia-pircher\/#breadcrumb\",\"itemListElement\":[{\"@type\":\"ListItem\",\"position\":1,\"name\":\"Home\",\"item\":\"https:\/\/baroquearabesque.com\/\"},{\"@type\":\"ListItem\",\"position\":2,\"name\":\"Pia Pircher\"}]},{\"@type\":\"WebSite\",\"@id\":\"https:\/\/baroquearabesque.com\/#website\",\"url\":\"https:\/\/baroquearabesque.com\/\",\"name\":\"Baroque Arabesque\",\"description\":\"Baroque World Music\",\"potentialAction\":[{\"@type\":\"SearchAction\",\"target\":{\"@type\":\"EntryPoint\",\"urlTemplate\":\"https:\/\/baroquearabesque.com\/?s={search_term_string}\"},\"query-input\":\"required name=search_term_string\"}],\"inLanguage\":\"de-AT\"}]}<\/script>\n<!-- \/ Yoast SEO plugin. -->","yoast_head_json":{"title":"Pia Pircher - Baroque Arabesque","robots":{"index":"index","follow":"follow","max-snippet":"max-snippet:-1","max-image-preview":"max-image-preview:large","max-video-preview":"max-video-preview:-1"},"canonical":"https:\/\/baroquearabesque.com\/de\/pia-pircher\/","og_locale":"de_DE","og_type":"article","og_title":"Pia Pircher - Baroque Arabesque","og_description":"The viola da gamba player Pia Pircher, born in Vienna, is fascinated since her early childhood by sounds and music. She studied at the Royal College of Music London, the Musikhochschule Trossingen and the University Mozarteum. Based on her keen interest for the astatically and philosophical origin as well as the cultural background of arts, [&hellip;]","og_url":"https:\/\/baroquearabesque.com\/de\/pia-pircher\/","og_site_name":"Baroque Arabesque","article_modified_time":"2023-09-20T08:29:53+00:00","og_image":[{"url":"https:\/\/baroquearabesque.com\/wp-content\/uploads\/2023\/08\/Laura-Karasinki.jpg"}],"twitter_card":"summary_large_image","twitter_misc":{"Gesch\u00e4tzte Lesezeit":"1 Minute"},"schema":{"@context":"https:\/\/schema.org","@graph":[{"@type":"WebPage","@id":"https:\/\/baroquearabesque.com\/pia-pircher\/","url":"https:\/\/baroquearabesque.com\/pia-pircher\/","name":"Pia Pircher - Baroque Arabesque","isPartOf":{"@id":"https:\/\/baroquearabesque.com\/#website"},"datePublished":"2023-08-26T15:53:18+00:00","dateModified":"2023-09-20T08:29:53+00:00","breadcrumb":{"@id":"https:\/\/baroquearabesque.com\/pia-pircher\/#breadcrumb"},"inLanguage":"de-AT","potentialAction":[{"@type":"ReadAction","target":["https:\/\/baroquearabesque.com\/pia-pircher\/"]}]},{"@type":"BreadcrumbList","@id":"https:\/\/baroquearabesque.com\/pia-pircher\/#breadcrumb","itemListElement":[{"@type":"ListItem","position":1,"name":"Home","item":"https:\/\/baroquearabesque.com\/"},{"@type":"ListItem","position":2,"name":"Pia Pircher"}]},{"@type":"WebSite","@id":"https:\/\/baroquearabesque.com\/#website","url":"https:\/\/baroquearabesque.com\/","name":"Baroque Arabesque","description":"Baroque World Music","potentialAction":[{"@type":"SearchAction","target":{"@type":"EntryPoint","urlTemplate":"https:\/\/baroquearabesque.com\/?s={search_term_string}"},"query-input":"required name=search_term_string"}],"inLanguage":"de-AT"}]}},"_links":{"self":[{"href":"https:\/\/baroquearabesque.com\/de\/wp-json\/wp\/v2\/pages\/1088","targetHints":{"allow":["GET"]}}],"collection":[{"href":"https:\/\/baroquearabesque.com\/de\/wp-json\/wp\/v2\/pages"}],"about":[{"href":"https:\/\/baroquearabesque.com\/de\/wp-json\/wp\/v2\/types\/page"}],"author":[{"embeddable":true,"href":"https:\/\/baroquearabesque.com\/de\/wp-json\/wp\/v2\/users\/1"}],"replies":[{"embeddable":true,"href":"https:\/\/baroquearabesque.com\/de\/wp-json\/wp\/v2\/comments?post=1088"}],"version-history":[{"count":24,"href":"https:\/\/baroquearabesque.com\/de\/wp-json\/wp\/v2\/pages\/1088\/revisions"}],"predecessor-version":[{"id":1330,"href":"https:\/\/baroquearabesque.com\/de\/wp-json\/wp\/v2\/pages\/1088\/revisions\/1330"}],"wp:attachment":[{"href":"https:\/\/baroquearabesque.com\/de\/wp-json\/wp\/v2\/media?parent=1088"}],"curies":[{"name":"wp","href":"https:\/\/api.w.org\/{rel}","templated":true}]}}