{"id":1157,"date":"2023-08-30T16:19:15","date_gmt":"2023-08-30T16:19:15","guid":{"rendered":"https:\/\/baroquearabesque.com\/?page_id=1157"},"modified":"2023-09-05T09:22:21","modified_gmt":"2023-09-05T09:22:21","slug":"julia-kainz","status":"publish","type":"page","link":"https:\/\/baroquearabesque.com\/de\/julia-kainz\/","title":{"rendered":"Julia Kainz"},"content":{"rendered":"<div data-elementor-type=\"wp-page\" data-elementor-id=\"1157\" class=\"elementor elementor-1157\">\n\t\t\t\t\t\t<section class=\"elementor-section elementor-top-section elementor-element elementor-element-12d401d elementor-section-boxed elementor-section-height-default elementor-section-height-default\" data-id=\"12d401d\" data-element_type=\"section\">\n\t\t\t\t\t\t<div class=\"elementor-container elementor-column-gap-default\">\n\t\t\t\t\t<div class=\"elementor-column elementor-col-50 elementor-top-column elementor-element elementor-element-c1c7631\" data-id=\"c1c7631\" data-element_type=\"column\">\n\t\t\t<div class=\"elementor-widget-wrap elementor-element-populated\">\n\t\t\t\t\t\t<div class=\"elementor-element elementor-element-060bc5b elementor-widget elementor-widget-image\" data-id=\"060bc5b\" data-element_type=\"widget\" data-widget_type=\"image.default\">\n\t\t\t\t<div class=\"elementor-widget-container\">\n\t\t\t<style>\/*! elementor - v3.19.0 - 26-02-2024 *\/\n.elementor-widget-image{text-align:center}.elementor-widget-image a{display:inline-block}.elementor-widget-image a img[src$=\".svg\"]{width:48px}.elementor-widget-image img{vertical-align:middle;display:inline-block}<\/style>\t\t\t\t\t\t\t\t\t\t<img fetchpriority=\"high\" decoding=\"async\" width=\"567\" height=\"851\" src=\"https:\/\/baroquearabesque.com\/wp-content\/uploads\/2023\/08\/julia-kainz.jpg\" class=\"attachment-large size-large wp-image-1050\" alt=\"\" srcset=\"https:\/\/baroquearabesque.com\/wp-content\/uploads\/2023\/08\/julia-kainz.jpg 567w, https:\/\/baroquearabesque.com\/wp-content\/uploads\/2023\/08\/julia-kainz-200x300.jpg 200w\" sizes=\"(max-width: 567px) 100vw, 567px\" \/>\t\t\t\t\t\t\t\t\t\t\t\t\t<\/div>\n\t\t\t\t<\/div>\n\t\t\t\t\t<\/div>\n\t\t<\/div>\n\t\t\t\t<div class=\"elementor-column elementor-col-50 elementor-top-column elementor-element elementor-element-dc59179\" data-id=\"dc59179\" data-element_type=\"column\">\n\t\t\t<div class=\"elementor-widget-wrap elementor-element-populated\">\n\t\t\t\t\t\t<div class=\"elementor-element elementor-element-75be95e elementor-widget elementor-widget-text-editor\" data-id=\"75be95e\" data-element_type=\"widget\" data-widget_type=\"text-editor.default\">\n\t\t\t\t<div class=\"elementor-widget-container\">\n\t\t\t<style>\/*! elementor - v3.19.0 - 26-02-2024 *\/\n.elementor-widget-text-editor.elementor-drop-cap-view-stacked .elementor-drop-cap{background-color:#69727d;color:#fff}.elementor-widget-text-editor.elementor-drop-cap-view-framed .elementor-drop-cap{color:#69727d;border:3px solid;background-color:transparent}.elementor-widget-text-editor:not(.elementor-drop-cap-view-default) .elementor-drop-cap{margin-top:8px}.elementor-widget-text-editor:not(.elementor-drop-cap-view-default) .elementor-drop-cap-letter{width:1em;height:1em}.elementor-widget-text-editor .elementor-drop-cap{float:left;text-align:center;line-height:1;font-size:50px}.elementor-widget-text-editor .elementor-drop-cap-letter{display:inline-block}<\/style>\t\t\t\t<p class=\" translation-block\"><strong>Julia Kainz<\/strong>  wurde in Gm\u00fcnd, Nieder\u00f6sterreich, geboren und absolvierte dort das Gymnasium sowie die Musikschule in den F\u00e4chern Violine, Klavier und Ballett. Nach dem Fall des Eisernen Vorhangs spielte sie in Orchestern und Kammermusikensembles an Grundkunstschulen in S\u00fcdb\u00f6hmen.\nJulia studierte an der Universit\u00e4t f\u00fcr Musik und darstellende Kunst Wien Konzertfach Violine und\nInstrumentalp\u00e4dagogik bei Prof. Michael Frischenschlager und Prof. Klaus Maetzl. Zus\u00e4tzlich besuchte sie Meisterkurse bei Eszter Perenyi und Michail Gantwarg und nahm Unterricht in Barockvioline bei Gunar Letzbor, Michi Gaigg und Marianne R\u00f4nez. W\u00e4hrend ihrer Studienzeit nahm sie an nationalen und internationalen Violinwettbewerben teil und tourte mit dem Gustav Mahler Jugendorchester durch Europa.<\/p><p>Neben Engagements in Wiener Orchestern und ihrer T\u00e4tigkeit als Kammermusikerin spezialisierte sie\nsich auf die world music und Alte Musik des Orient, der Mittelmeerl\u00e4nder und Lateinamerikas. Wiener Lied und die traditionelle Wiener Musik bilden einen weiteren Schwerpunkt ihrer k\u00fcnstlerischen T\u00e4tigkeit.<\/p><p>Julia musizierte in vielen L\u00e4ndern Europas, in China, USA , Kolumbien und Peru. Sie unterrichtet an der Ritter van K\u00f6chel \u2013 Musikschule der Stadt Krems Violine, Klavier und Streichorchester.<\/p>\t\t\t\t\t\t<\/div>\n\t\t\t\t<\/div>\n\t\t\t\t\t<\/div>\n\t\t<\/div>\n\t\t\t\t\t<\/div>\n\t\t<\/section>\n\t\t\t\t<\/div>","protected":false},"excerpt":{"rendered":"<p>Julia Kainz grew up in Gm\u00fcnd, a small town in the north of Austria at the Czech border. There she attended elemantary school and high school as well as music school in the subjects violin, piano and ballet. At an early age she was trained in chamber music and orchestra playing in South \u2013 Bohemia. [&hellip;]<\/p>","protected":false},"author":1,"featured_media":0,"parent":0,"menu_order":0,"comment_status":"closed","ping_status":"closed","template":"","meta":{"site-sidebar-layout":"default","site-content-layout":"","ast-site-content-layout":"","site-content-style":"default","site-sidebar-style":"default","ast-global-header-display":"","ast-banner-title-visibility":"","ast-main-header-display":"","ast-hfb-above-header-display":"","ast-hfb-below-header-display":"","ast-hfb-mobile-header-display":"","site-post-title":"","ast-breadcrumbs-content":"","ast-featured-img":"","footer-sml-layout":"","theme-transparent-header-meta":"","adv-header-id-meta":"","stick-header-meta":"","header-above-stick-meta":"","header-main-stick-meta":"","header-below-stick-meta":"","astra-migrate-meta-layouts":"default","ast-page-background-enabled":"default","ast-page-background-meta":{"desktop":{"background-color":"","background-image":"","background-repeat":"repeat","background-position":"center center","background-size":"auto","background-attachment":"scroll","background-type":"","background-media":"","overlay-type":"","overlay-color":"","overlay-gradient":""},"tablet":{"background-color":"","background-image":"","background-repeat":"repeat","background-position":"center center","background-size":"auto","background-attachment":"scroll","background-type":"","background-media":"","overlay-type":"","overlay-color":"","overlay-gradient":""},"mobile":{"background-color":"","background-image":"","background-repeat":"repeat","background-position":"center center","background-size":"auto","background-attachment":"scroll","background-type":"","background-media":"","overlay-type":"","overlay-color":"","overlay-gradient":""}},"ast-content-background-meta":{"desktop":{"background-color":"var(--ast-global-color-5)","background-image":"","background-repeat":"repeat","background-position":"center center","background-size":"auto","background-attachment":"scroll","background-type":"","background-media":"","overlay-type":"","overlay-color":"","overlay-gradient":""},"tablet":{"background-color":"var(--ast-global-color-5)","background-image":"","background-repeat":"repeat","background-position":"center center","background-size":"auto","background-attachment":"scroll","background-type":"","background-media":"","overlay-type":"","overlay-color":"","overlay-gradient":""},"mobile":{"background-color":"var(--ast-global-color-5)","background-image":"","background-repeat":"repeat","background-position":"center center","background-size":"auto","background-attachment":"scroll","background-type":"","background-media":"","overlay-type":"","overlay-color":"","overlay-gradient":""}},"footnotes":""},"class_list":["post-1157","page","type-page","status-publish","hentry"],"yoast_head":"<!-- This site is optimized with the Yoast SEO plugin v22.1 - https:\/\/yoast.com\/wordpress\/plugins\/seo\/ -->\n<title>Julia Kainz - Baroque Arabesque<\/title>\n<meta name=\"robots\" content=\"index, follow, max-snippet:-1, max-image-preview:large, max-video-preview:-1\" \/>\n<link rel=\"canonical\" href=\"https:\/\/baroquearabesque.com\/de\/julia-kainz\/\" \/>\n<meta property=\"og:locale\" content=\"de_DE\" \/>\n<meta property=\"og:type\" content=\"article\" \/>\n<meta property=\"og:title\" content=\"Julia Kainz - Baroque Arabesque\" \/>\n<meta property=\"og:description\" content=\"Julia Kainz grew up in Gm\u00fcnd, a small town in the north of Austria at the Czech border. There she attended elemantary school and high school as well as music school in the subjects violin, piano and ballet. At an early age she was trained in chamber music and orchestra playing in South \u2013 Bohemia. [&hellip;]\" \/>\n<meta property=\"og:url\" content=\"https:\/\/baroquearabesque.com\/de\/julia-kainz\/\" \/>\n<meta property=\"og:site_name\" content=\"Baroque Arabesque\" \/>\n<meta property=\"article:modified_time\" content=\"2023-09-05T09:22:21+00:00\" \/>\n<meta property=\"og:image\" content=\"https:\/\/baroquearabesque.com\/wp-content\/uploads\/2023\/08\/julia-kainz.jpg\" \/>\n<meta name=\"twitter:card\" content=\"summary_large_image\" \/>\n<meta name=\"twitter:label1\" content=\"Gesch\u00e4tzte Lesezeit\" \/>\n\t<meta name=\"twitter:data1\" content=\"2 Minuten\" \/>\n<script type=\"application\/ld+json\" class=\"yoast-schema-graph\">{\"@context\":\"https:\/\/schema.org\",\"@graph\":[{\"@type\":\"WebPage\",\"@id\":\"https:\/\/baroquearabesque.com\/julia-kainz\/\",\"url\":\"https:\/\/baroquearabesque.com\/julia-kainz\/\",\"name\":\"Julia Kainz - Baroque Arabesque\",\"isPartOf\":{\"@id\":\"https:\/\/baroquearabesque.com\/#website\"},\"datePublished\":\"2023-08-30T16:19:15+00:00\",\"dateModified\":\"2023-09-05T09:22:21+00:00\",\"breadcrumb\":{\"@id\":\"https:\/\/baroquearabesque.com\/julia-kainz\/#breadcrumb\"},\"inLanguage\":\"de-AT\",\"potentialAction\":[{\"@type\":\"ReadAction\",\"target\":[\"https:\/\/baroquearabesque.com\/julia-kainz\/\"]}]},{\"@type\":\"BreadcrumbList\",\"@id\":\"https:\/\/baroquearabesque.com\/julia-kainz\/#breadcrumb\",\"itemListElement\":[{\"@type\":\"ListItem\",\"position\":1,\"name\":\"Home\",\"item\":\"https:\/\/baroquearabesque.com\/\"},{\"@type\":\"ListItem\",\"position\":2,\"name\":\"Julia Kainz\"}]},{\"@type\":\"WebSite\",\"@id\":\"https:\/\/baroquearabesque.com\/#website\",\"url\":\"https:\/\/baroquearabesque.com\/\",\"name\":\"Baroque Arabesque\",\"description\":\"Baroque World Music\",\"potentialAction\":[{\"@type\":\"SearchAction\",\"target\":{\"@type\":\"EntryPoint\",\"urlTemplate\":\"https:\/\/baroquearabesque.com\/?s={search_term_string}\"},\"query-input\":\"required name=search_term_string\"}],\"inLanguage\":\"de-AT\"}]}<\/script>\n<!-- \/ Yoast SEO plugin. -->","yoast_head_json":{"title":"Julia Kainz - Baroque Arabesque","robots":{"index":"index","follow":"follow","max-snippet":"max-snippet:-1","max-image-preview":"max-image-preview:large","max-video-preview":"max-video-preview:-1"},"canonical":"https:\/\/baroquearabesque.com\/de\/julia-kainz\/","og_locale":"de_DE","og_type":"article","og_title":"Julia Kainz - Baroque Arabesque","og_description":"Julia Kainz grew up in Gm\u00fcnd, a small town in the north of Austria at the Czech border. There she attended elemantary school and high school as well as music school in the subjects violin, piano and ballet. At an early age she was trained in chamber music and orchestra playing in South \u2013 Bohemia. [&hellip;]","og_url":"https:\/\/baroquearabesque.com\/de\/julia-kainz\/","og_site_name":"Baroque Arabesque","article_modified_time":"2023-09-05T09:22:21+00:00","og_image":[{"url":"https:\/\/baroquearabesque.com\/wp-content\/uploads\/2023\/08\/julia-kainz.jpg"}],"twitter_card":"summary_large_image","twitter_misc":{"Gesch\u00e4tzte Lesezeit":"2 Minuten"},"schema":{"@context":"https:\/\/schema.org","@graph":[{"@type":"WebPage","@id":"https:\/\/baroquearabesque.com\/julia-kainz\/","url":"https:\/\/baroquearabesque.com\/julia-kainz\/","name":"Julia Kainz - Baroque Arabesque","isPartOf":{"@id":"https:\/\/baroquearabesque.com\/#website"},"datePublished":"2023-08-30T16:19:15+00:00","dateModified":"2023-09-05T09:22:21+00:00","breadcrumb":{"@id":"https:\/\/baroquearabesque.com\/julia-kainz\/#breadcrumb"},"inLanguage":"de-AT","potentialAction":[{"@type":"ReadAction","target":["https:\/\/baroquearabesque.com\/julia-kainz\/"]}]},{"@type":"BreadcrumbList","@id":"https:\/\/baroquearabesque.com\/julia-kainz\/#breadcrumb","itemListElement":[{"@type":"ListItem","position":1,"name":"Home","item":"https:\/\/baroquearabesque.com\/"},{"@type":"ListItem","position":2,"name":"Julia Kainz"}]},{"@type":"WebSite","@id":"https:\/\/baroquearabesque.com\/#website","url":"https:\/\/baroquearabesque.com\/","name":"Baroque Arabesque","description":"Baroque World Music","potentialAction":[{"@type":"SearchAction","target":{"@type":"EntryPoint","urlTemplate":"https:\/\/baroquearabesque.com\/?s={search_term_string}"},"query-input":"required name=search_term_string"}],"inLanguage":"de-AT"}]}},"_links":{"self":[{"href":"https:\/\/baroquearabesque.com\/de\/wp-json\/wp\/v2\/pages\/1157","targetHints":{"allow":["GET"]}}],"collection":[{"href":"https:\/\/baroquearabesque.com\/de\/wp-json\/wp\/v2\/pages"}],"about":[{"href":"https:\/\/baroquearabesque.com\/de\/wp-json\/wp\/v2\/types\/page"}],"author":[{"embeddable":true,"href":"https:\/\/baroquearabesque.com\/de\/wp-json\/wp\/v2\/users\/1"}],"replies":[{"embeddable":true,"href":"https:\/\/baroquearabesque.com\/de\/wp-json\/wp\/v2\/comments?post=1157"}],"version-history":[{"count":21,"href":"https:\/\/baroquearabesque.com\/de\/wp-json\/wp\/v2\/pages\/1157\/revisions"}],"predecessor-version":[{"id":1214,"href":"https:\/\/baroquearabesque.com\/de\/wp-json\/wp\/v2\/pages\/1157\/revisions\/1214"}],"wp:attachment":[{"href":"https:\/\/baroquearabesque.com\/de\/wp-json\/wp\/v2\/media?parent=1157"}],"curies":[{"name":"wp","href":"https:\/\/api.w.org\/{rel}","templated":true}]}}