{"id":1430,"date":"2024-07-21T15:45:37","date_gmt":"2024-07-21T15:45:37","guid":{"rendered":"https:\/\/baroquearabesque.com\/?page_id=1430"},"modified":"2024-07-21T15:57:37","modified_gmt":"2024-07-21T15:57:37","slug":"carles-munoz-camarero-2","status":"publish","type":"page","link":"https:\/\/baroquearabesque.com\/de\/carles-munoz-camarero-2\/","title":{"rendered":"Carles Mu\u00f1oz Camarero"},"content":{"rendered":"<div data-elementor-type=\"wp-page\" data-elementor-id=\"1430\" class=\"elementor elementor-1430\">\n\t\t\t\t\t\t<section class=\"elementor-section elementor-top-section elementor-element elementor-element-12d401d elementor-section-boxed elementor-section-height-default elementor-section-height-default\" data-id=\"12d401d\" data-element_type=\"section\">\n\t\t\t\t\t\t<div class=\"elementor-container elementor-column-gap-default\">\n\t\t\t\t\t<div class=\"elementor-column elementor-col-50 elementor-top-column elementor-element elementor-element-c1c7631\" data-id=\"c1c7631\" data-element_type=\"column\">\n\t\t\t<div class=\"elementor-widget-wrap elementor-element-populated\">\n\t\t\t\t\t\t<div class=\"elementor-element elementor-element-060bc5b elementor-widget elementor-widget-image\" data-id=\"060bc5b\" data-element_type=\"widget\" data-widget_type=\"image.default\">\n\t\t\t\t<div class=\"elementor-widget-container\">\n\t\t\t<style>\/*! elementor - v3.19.0 - 26-02-2024 *\/\n.elementor-widget-image{text-align:center}.elementor-widget-image a{display:inline-block}.elementor-widget-image a img[src$=\".svg\"]{width:48px}.elementor-widget-image img{vertical-align:middle;display:inline-block}<\/style>\t\t\t\t\t\t\t\t\t\t<img fetchpriority=\"high\" decoding=\"async\" width=\"633\" height=\"1024\" src=\"https:\/\/baroquearabesque.com\/wp-content\/uploads\/2024\/07\/Carles-Munoz-Camarero-\u00a9-Johanna-Lehner-633x1024.webp\" class=\"attachment-large size-large wp-image-1432\" alt=\"\" srcset=\"https:\/\/baroquearabesque.com\/wp-content\/uploads\/2024\/07\/Carles-Munoz-Camarero-\u00a9-Johanna-Lehner-633x1024.webp 633w, https:\/\/baroquearabesque.com\/wp-content\/uploads\/2024\/07\/Carles-Munoz-Camarero-\u00a9-Johanna-Lehner-185x300.webp 185w, https:\/\/baroquearabesque.com\/wp-content\/uploads\/2024\/07\/Carles-Munoz-Camarero-\u00a9-Johanna-Lehner-768x1242.webp 768w, https:\/\/baroquearabesque.com\/wp-content\/uploads\/2024\/07\/Carles-Munoz-Camarero-\u00a9-Johanna-Lehner-950x1536.webp 950w, https:\/\/baroquearabesque.com\/wp-content\/uploads\/2024\/07\/Carles-Munoz-Camarero-\u00a9-Johanna-Lehner-1266x2048.webp 1266w, https:\/\/baroquearabesque.com\/wp-content\/uploads\/2024\/07\/Carles-Munoz-Camarero-\u00a9-Johanna-Lehner-7x12.webp 7w, https:\/\/baroquearabesque.com\/wp-content\/uploads\/2024\/07\/Carles-Munoz-Camarero-\u00a9-Johanna-Lehner-scaled.webp 1583w\" sizes=\"(max-width: 633px) 100vw, 633px\" \/>\t\t\t\t\t\t\t\t\t\t\t\t\t<\/div>\n\t\t\t\t<\/div>\n\t\t\t\t\t<\/div>\n\t\t<\/div>\n\t\t\t\t<div class=\"elementor-column elementor-col-50 elementor-top-column elementor-element elementor-element-dc59179\" data-id=\"dc59179\" data-element_type=\"column\">\n\t\t\t<div class=\"elementor-widget-wrap elementor-element-populated\">\n\t\t\t\t\t\t<div class=\"elementor-element elementor-element-75be95e elementor-widget elementor-widget-text-editor\" data-id=\"75be95e\" data-element_type=\"widget\" data-widget_type=\"text-editor.default\">\n\t\t\t\t<div class=\"elementor-widget-container\">\n\t\t\t<style>\/*! elementor - v3.19.0 - 26-02-2024 *\/\n.elementor-widget-text-editor.elementor-drop-cap-view-stacked .elementor-drop-cap{background-color:#69727d;color:#fff}.elementor-widget-text-editor.elementor-drop-cap-view-framed .elementor-drop-cap{color:#69727d;border:3px solid;background-color:transparent}.elementor-widget-text-editor:not(.elementor-drop-cap-view-default) .elementor-drop-cap{margin-top:8px}.elementor-widget-text-editor:not(.elementor-drop-cap-view-default) .elementor-drop-cap-letter{width:1em;height:1em}.elementor-widget-text-editor .elementor-drop-cap{float:left;text-align:center;line-height:1;font-size:50px}.elementor-widget-text-editor .elementor-drop-cap-letter{display:inline-block}<\/style>\t\t\t\t<div>Der in Barcelona geborene Cellist <strong>Carles Mu\u00f1oz Camarero<\/strong> machte seine ersten musikalischen Gehversuche am Cello im Alter von f\u00fcnf Jahren. 2012 schloss er erfolgreich das Konzertfachstudium f\u00fcr Cello mit Gambe als zweites Instrument an der Hochschule f\u00fcr Musik Kataloniens (ESMuC) ab. Nach Beendigung seines klassischen Studiums widmete er sich haupts\u00e4chlich anderen Musikwelten: Ethnomusik, Jazz, freie Improvisation und Barockmusik, bei denen Improvisation immer eine zentrale Rolle spielt. Aus diesem Grund studierte er im Zeitraum 2015-2019 IGP Jazzvioloncello bei Andreas Schreiber und Peter Herbert an der Anton Bruckner Privatuniversit\u00e4t in Linz.<\/div><div>Nach mehr als 25 Jahren intensiver Auseinandersetzung mit dem Cello wuchs der Wunsch nach der Ausweitung seines instrumentalischen Funduses: seit Anfang des Jahres 2020 experimentiert er auf dem f\u00fcr ihn neuen Instrument (Nyckelharpa bzw. Schl\u00fcsselgeige), da er ein gro\u00dfer Enthusiast der skandinavischen Musik ist.<\/div>\t\t\t\t\t\t<\/div>\n\t\t\t\t<\/div>\n\t\t\t\t\t<\/div>\n\t\t<\/div>\n\t\t\t\t\t<\/div>\n\t\t<\/section>\n\t\t\t\t<\/div>","protected":false},"excerpt":{"rendered":"<p>Der in Barcelona geborene Cellist Carles Mu\u00f1oz Camarero machte seine ersten musikalischen Gehversuche am Cello im Alter von f\u00fcnf Jahren. 2012 schloss er erfolgreich das Konzertfachstudium f\u00fcr Cello mit Gambe als zweites Instrument an der Hochschule f\u00fcr Musik Kataloniens (ESMuC) ab. Nach Beendigung seines klassischen Studiums widmete er sich haupts\u00e4chlich anderen Musikwelten: Ethnomusik, Jazz, freie [&hellip;]<\/p>","protected":false},"author":1,"featured_media":0,"parent":0,"menu_order":0,"comment_status":"closed","ping_status":"closed","template":"","meta":{"site-sidebar-layout":"default","site-content-layout":"","ast-site-content-layout":"","site-content-style":"default","site-sidebar-style":"default","ast-global-header-display":"","ast-banner-title-visibility":"","ast-main-header-display":"","ast-hfb-above-header-display":"","ast-hfb-below-header-display":"","ast-hfb-mobile-header-display":"","site-post-title":"","ast-breadcrumbs-content":"","ast-featured-img":"","footer-sml-layout":"","theme-transparent-header-meta":"","adv-header-id-meta":"","stick-header-meta":"","header-above-stick-meta":"","header-main-stick-meta":"","header-below-stick-meta":"","astra-migrate-meta-layouts":"default","ast-page-background-enabled":"default","ast-page-background-meta":{"desktop":{"background-color":"","background-image":"","background-repeat":"repeat","background-position":"center center","background-size":"auto","background-attachment":"scroll","background-type":"","background-media":"","overlay-type":"","overlay-color":"","overlay-gradient":""},"tablet":{"background-color":"","background-image":"","background-repeat":"repeat","background-position":"center center","background-size":"auto","background-attachment":"scroll","background-type":"","background-media":"","overlay-type":"","overlay-color":"","overlay-gradient":""},"mobile":{"background-color":"","background-image":"","background-repeat":"repeat","background-position":"center center","background-size":"auto","background-attachment":"scroll","background-type":"","background-media":"","overlay-type":"","overlay-color":"","overlay-gradient":""}},"ast-content-background-meta":{"desktop":{"background-color":"var(--ast-global-color-5)","background-image":"","background-repeat":"repeat","background-position":"center center","background-size":"auto","background-attachment":"scroll","background-type":"","background-media":"","overlay-type":"","overlay-color":"","overlay-gradient":""},"tablet":{"background-color":"var(--ast-global-color-5)","background-image":"","background-repeat":"repeat","background-position":"center center","background-size":"auto","background-attachment":"scroll","background-type":"","background-media":"","overlay-type":"","overlay-color":"","overlay-gradient":""},"mobile":{"background-color":"var(--ast-global-color-5)","background-image":"","background-repeat":"repeat","background-position":"center center","background-size":"auto","background-attachment":"scroll","background-type":"","background-media":"","overlay-type":"","overlay-color":"","overlay-gradient":""}},"footnotes":""},"class_list":["post-1430","page","type-page","status-publish","hentry"],"yoast_head":"<!-- This site is optimized with the Yoast SEO plugin v22.1 - https:\/\/yoast.com\/wordpress\/plugins\/seo\/ -->\n<title>Carles Mu\u00f1oz Camarero - Baroque Arabesque<\/title>\n<meta name=\"robots\" content=\"index, follow, max-snippet:-1, max-image-preview:large, max-video-preview:-1\" \/>\n<link rel=\"canonical\" href=\"https:\/\/baroquearabesque.com\/de\/carles-munoz-camarero-2\/\" \/>\n<meta property=\"og:locale\" content=\"de_DE\" \/>\n<meta property=\"og:type\" content=\"article\" \/>\n<meta property=\"og:title\" content=\"Carles Mu\u00f1oz Camarero - Baroque Arabesque\" \/>\n<meta property=\"og:description\" content=\"Der in Barcelona geborene Cellist Carles Mu\u00f1oz Camarero machte seine ersten musikalischen Gehversuche am Cello im Alter von f\u00fcnf Jahren. 2012 schloss er erfolgreich das Konzertfachstudium f\u00fcr Cello mit Gambe als zweites Instrument an der Hochschule f\u00fcr Musik Kataloniens (ESMuC) ab. Nach Beendigung seines klassischen Studiums widmete er sich haupts\u00e4chlich anderen Musikwelten: Ethnomusik, Jazz, freie [&hellip;]\" \/>\n<meta property=\"og:url\" content=\"https:\/\/baroquearabesque.com\/de\/carles-munoz-camarero-2\/\" \/>\n<meta property=\"og:site_name\" content=\"Baroque Arabesque\" \/>\n<meta property=\"article:modified_time\" content=\"2024-07-21T15:57:37+00:00\" \/>\n<meta property=\"og:image\" content=\"https:\/\/baroquearabesque.com\/wp-content\/uploads\/2023\/08\/Baroque-Arabesque-Baroque-World-Music.jpg\" \/>\n\t<meta property=\"og:image:width\" content=\"1200\" \/>\n\t<meta property=\"og:image:height\" content=\"675\" \/>\n\t<meta property=\"og:image:type\" content=\"image\/jpeg\" \/>\n<meta name=\"twitter:card\" content=\"summary_large_image\" \/>\n<meta name=\"twitter:label1\" content=\"Gesch\u00e4tzte Lesezeit\" \/>\n\t<meta name=\"twitter:data1\" content=\"1 Minute\" \/>\n<script type=\"application\/ld+json\" class=\"yoast-schema-graph\">{\"@context\":\"https:\/\/schema.org\",\"@graph\":[{\"@type\":\"WebPage\",\"@id\":\"https:\/\/baroquearabesque.com\/carles-munoz-camarero-2\/\",\"url\":\"https:\/\/baroquearabesque.com\/carles-munoz-camarero-2\/\",\"name\":\"Carles Mu\u00f1oz Camarero - Baroque Arabesque\",\"isPartOf\":{\"@id\":\"https:\/\/baroquearabesque.com\/#website\"},\"datePublished\":\"2024-07-21T15:45:37+00:00\",\"dateModified\":\"2024-07-21T15:57:37+00:00\",\"breadcrumb\":{\"@id\":\"https:\/\/baroquearabesque.com\/carles-munoz-camarero-2\/#breadcrumb\"},\"inLanguage\":\"de-AT\",\"potentialAction\":[{\"@type\":\"ReadAction\",\"target\":[\"https:\/\/baroquearabesque.com\/carles-munoz-camarero-2\/\"]}]},{\"@type\":\"BreadcrumbList\",\"@id\":\"https:\/\/baroquearabesque.com\/carles-munoz-camarero-2\/#breadcrumb\",\"itemListElement\":[{\"@type\":\"ListItem\",\"position\":1,\"name\":\"Home\",\"item\":\"https:\/\/baroquearabesque.com\/\"},{\"@type\":\"ListItem\",\"position\":2,\"name\":\"Carles Mu\u00f1oz Camarero\"}]},{\"@type\":\"WebSite\",\"@id\":\"https:\/\/baroquearabesque.com\/#website\",\"url\":\"https:\/\/baroquearabesque.com\/\",\"name\":\"Baroque Arabesque\",\"description\":\"Baroque World Music\",\"potentialAction\":[{\"@type\":\"SearchAction\",\"target\":{\"@type\":\"EntryPoint\",\"urlTemplate\":\"https:\/\/baroquearabesque.com\/?s={search_term_string}\"},\"query-input\":\"required name=search_term_string\"}],\"inLanguage\":\"de-AT\"}]}<\/script>\n<!-- \/ Yoast SEO plugin. -->","yoast_head_json":{"title":"Carles Mu\u00f1oz Camarero - Baroque Arabesque","robots":{"index":"index","follow":"follow","max-snippet":"max-snippet:-1","max-image-preview":"max-image-preview:large","max-video-preview":"max-video-preview:-1"},"canonical":"https:\/\/baroquearabesque.com\/de\/carles-munoz-camarero-2\/","og_locale":"de_DE","og_type":"article","og_title":"Carles Mu\u00f1oz Camarero - Baroque Arabesque","og_description":"Der in Barcelona geborene Cellist Carles Mu\u00f1oz Camarero machte seine ersten musikalischen Gehversuche am Cello im Alter von f\u00fcnf Jahren. 2012 schloss er erfolgreich das Konzertfachstudium f\u00fcr Cello mit Gambe als zweites Instrument an der Hochschule f\u00fcr Musik Kataloniens (ESMuC) ab. Nach Beendigung seines klassischen Studiums widmete er sich haupts\u00e4chlich anderen Musikwelten: Ethnomusik, Jazz, freie [&hellip;]","og_url":"https:\/\/baroquearabesque.com\/de\/carles-munoz-camarero-2\/","og_site_name":"Baroque Arabesque","article_modified_time":"2024-07-21T15:57:37+00:00","og_image":[{"width":1200,"height":675,"url":"https:\/\/baroquearabesque.com\/wp-content\/uploads\/2023\/08\/Baroque-Arabesque-Baroque-World-Music.jpg","type":"image\/jpeg"}],"twitter_card":"summary_large_image","twitter_misc":{"Gesch\u00e4tzte Lesezeit":"1 Minute"},"schema":{"@context":"https:\/\/schema.org","@graph":[{"@type":"WebPage","@id":"https:\/\/baroquearabesque.com\/carles-munoz-camarero-2\/","url":"https:\/\/baroquearabesque.com\/carles-munoz-camarero-2\/","name":"Carles Mu\u00f1oz Camarero - Baroque Arabesque","isPartOf":{"@id":"https:\/\/baroquearabesque.com\/#website"},"datePublished":"2024-07-21T15:45:37+00:00","dateModified":"2024-07-21T15:57:37+00:00","breadcrumb":{"@id":"https:\/\/baroquearabesque.com\/carles-munoz-camarero-2\/#breadcrumb"},"inLanguage":"de-AT","potentialAction":[{"@type":"ReadAction","target":["https:\/\/baroquearabesque.com\/carles-munoz-camarero-2\/"]}]},{"@type":"BreadcrumbList","@id":"https:\/\/baroquearabesque.com\/carles-munoz-camarero-2\/#breadcrumb","itemListElement":[{"@type":"ListItem","position":1,"name":"Home","item":"https:\/\/baroquearabesque.com\/"},{"@type":"ListItem","position":2,"name":"Carles Mu\u00f1oz Camarero"}]},{"@type":"WebSite","@id":"https:\/\/baroquearabesque.com\/#website","url":"https:\/\/baroquearabesque.com\/","name":"Baroque Arabesque","description":"Baroque World Music","potentialAction":[{"@type":"SearchAction","target":{"@type":"EntryPoint","urlTemplate":"https:\/\/baroquearabesque.com\/?s={search_term_string}"},"query-input":"required name=search_term_string"}],"inLanguage":"de-AT"}]}},"_links":{"self":[{"href":"https:\/\/baroquearabesque.com\/de\/wp-json\/wp\/v2\/pages\/1430","targetHints":{"allow":["GET"]}}],"collection":[{"href":"https:\/\/baroquearabesque.com\/de\/wp-json\/wp\/v2\/pages"}],"about":[{"href":"https:\/\/baroquearabesque.com\/de\/wp-json\/wp\/v2\/types\/page"}],"author":[{"embeddable":true,"href":"https:\/\/baroquearabesque.com\/de\/wp-json\/wp\/v2\/users\/1"}],"replies":[{"embeddable":true,"href":"https:\/\/baroquearabesque.com\/de\/wp-json\/wp\/v2\/comments?post=1430"}],"version-history":[{"count":7,"href":"https:\/\/baroquearabesque.com\/de\/wp-json\/wp\/v2\/pages\/1430\/revisions"}],"predecessor-version":[{"id":1453,"href":"https:\/\/baroquearabesque.com\/de\/wp-json\/wp\/v2\/pages\/1430\/revisions\/1453"}],"wp:attachment":[{"href":"https:\/\/baroquearabesque.com\/de\/wp-json\/wp\/v2\/media?parent=1430"}],"curies":[{"name":"wp","href":"https:\/\/api.w.org\/{rel}","templated":true}]}}