{"id":1437,"date":"2024-07-21T15:47:47","date_gmt":"2024-07-21T15:47:47","guid":{"rendered":"https:\/\/baroquearabesque.com\/?page_id=1437"},"modified":"2024-07-21T15:56:03","modified_gmt":"2024-07-21T15:56:03","slug":"alenka-brecelj","status":"publish","type":"page","link":"https:\/\/baroquearabesque.com\/de\/alenka-brecelj\/","title":{"rendered":"Alenka Brecelj"},"content":{"rendered":"<div data-elementor-type=\"wp-page\" data-elementor-id=\"1437\" class=\"elementor elementor-1437\">\n\t\t\t\t\t\t<section class=\"elementor-section elementor-top-section elementor-element elementor-element-12d401d elementor-section-boxed elementor-section-height-default elementor-section-height-default\" data-id=\"12d401d\" data-element_type=\"section\">\n\t\t\t\t\t\t<div class=\"elementor-container elementor-column-gap-default\">\n\t\t\t\t\t<div class=\"elementor-column elementor-col-50 elementor-top-column elementor-element elementor-element-c1c7631\" data-id=\"c1c7631\" data-element_type=\"column\">\n\t\t\t<div class=\"elementor-widget-wrap elementor-element-populated\">\n\t\t\t\t\t\t<div class=\"elementor-element elementor-element-060bc5b elementor-widget elementor-widget-image\" data-id=\"060bc5b\" data-element_type=\"widget\" data-widget_type=\"image.default\">\n\t\t\t\t<div class=\"elementor-widget-container\">\n\t\t\t<style>\/*! elementor - v3.19.0 - 26-02-2024 *\/\n.elementor-widget-image{text-align:center}.elementor-widget-image a{display:inline-block}.elementor-widget-image a img[src$=\".svg\"]{width:48px}.elementor-widget-image img{vertical-align:middle;display:inline-block}<\/style>\t\t\t\t\t\t\t\t\t\t<img fetchpriority=\"high\" decoding=\"async\" width=\"683\" height=\"1024\" src=\"https:\/\/baroquearabesque.com\/wp-content\/uploads\/2024\/07\/Alenka-Brecelj-683x1024.webp\" class=\"attachment-large size-large wp-image-1433\" alt=\"\" srcset=\"https:\/\/baroquearabesque.com\/wp-content\/uploads\/2024\/07\/Alenka-Brecelj-683x1024.webp 683w, https:\/\/baroquearabesque.com\/wp-content\/uploads\/2024\/07\/Alenka-Brecelj-200x300.webp 200w, https:\/\/baroquearabesque.com\/wp-content\/uploads\/2024\/07\/Alenka-Brecelj-768x1152.webp 768w, https:\/\/baroquearabesque.com\/wp-content\/uploads\/2024\/07\/Alenka-Brecelj-1024x1536.webp 1024w, https:\/\/baroquearabesque.com\/wp-content\/uploads\/2024\/07\/Alenka-Brecelj-1365x2048.webp 1365w, https:\/\/baroquearabesque.com\/wp-content\/uploads\/2024\/07\/Alenka-Brecelj-8x12.webp 8w, https:\/\/baroquearabesque.com\/wp-content\/uploads\/2024\/07\/Alenka-Brecelj-scaled.webp 1707w\" sizes=\"(max-width: 683px) 100vw, 683px\" \/>\t\t\t\t\t\t\t\t\t\t\t\t\t<\/div>\n\t\t\t\t<\/div>\n\t\t\t\t\t<\/div>\n\t\t<\/div>\n\t\t\t\t<div class=\"elementor-column elementor-col-50 elementor-top-column elementor-element elementor-element-dc59179\" data-id=\"dc59179\" data-element_type=\"column\">\n\t\t\t<div class=\"elementor-widget-wrap elementor-element-populated\">\n\t\t\t\t\t\t<div class=\"elementor-element elementor-element-75be95e elementor-widget elementor-widget-text-editor\" data-id=\"75be95e\" data-element_type=\"widget\" data-widget_type=\"text-editor.default\">\n\t\t\t\t<div class=\"elementor-widget-container\">\n\t\t\t<style>\/*! elementor - v3.19.0 - 26-02-2024 *\/\n.elementor-widget-text-editor.elementor-drop-cap-view-stacked .elementor-drop-cap{background-color:#69727d;color:#fff}.elementor-widget-text-editor.elementor-drop-cap-view-framed .elementor-drop-cap{color:#69727d;border:3px solid;background-color:transparent}.elementor-widget-text-editor:not(.elementor-drop-cap-view-default) .elementor-drop-cap{margin-top:8px}.elementor-widget-text-editor:not(.elementor-drop-cap-view-default) .elementor-drop-cap-letter{width:1em;height:1em}.elementor-widget-text-editor .elementor-drop-cap{float:left;text-align:center;line-height:1;font-size:50px}.elementor-widget-text-editor .elementor-drop-cap-letter{display:inline-block}<\/style>\t\t\t\t<div>In Wien in eine Musikerfamilie geboren, erhielt <strong>Alenka Brecelj<\/strong> mit f\u00fcnf Jahren ihren ersten Violinunterricht.<\/div><div>Ihre k\u00fcnstlerische T\u00e4tigkeit f\u00fchrte sie unter anderem zur Mitwirkung im B\u00fchnenorchester der Wiener Staatsoper bei diversen Opernproduktionen, zu zahlreichen Konzerten und Konzertreisen der Schubert Akademie (B\u00fchnenorchester der Wiener S\u00e4ngerknaben) in Wien, Indien und Hongkong, so wie zu Auftritten mit dem Wiener Jeunesse Orchester, dem Synchron Stage Orchestra, Nova Orchester Wien, Black Page Orchestra.<\/div><div>Ihre Begeisterung f\u00fcr die Wiener Musik und das Schrammel Quartett entdeckte sie durch die Zusammenarbeit mit Roland Neuwirth und Manfred Kammerhofer (Neuwirth Extremschrammeln). Diese f\u00fchrte u.a. zu Auftritten im Wiener Konzerthaus, im Rahmen des Wienerlied Festivals \u201eWean Hean\u201c und des Waldlesungsviertels 2021.\u00a0<\/div><div>Ihre Kenntnisse im Bereich der Barockmusik und insbesondere der Barockvioline vertiefte sie bei Enrico Gatti, Ryo Terakado und Mitgliedern des Barockensembles \u201eLa Risonanza\u201c, sowie bei J. Rainer, Johannes Weiss und Eug\u00e8ne Michelangeli an der Mdw.<\/div>\t\t\t\t\t\t<\/div>\n\t\t\t\t<\/div>\n\t\t\t\t\t<\/div>\n\t\t<\/div>\n\t\t\t\t\t<\/div>\n\t\t<\/section>\n\t\t\t\t<\/div>","protected":false},"excerpt":{"rendered":"<p>In Wien in eine Musikerfamilie geboren, erhielt Alenka Brecelj mit f\u00fcnf Jahren ihren ersten Violinunterricht.Ihre k\u00fcnstlerische T\u00e4tigkeit f\u00fchrte sie unter anderem zur Mitwirkung im B\u00fchnenorchester der Wiener Staatsoper bei diversen Opernproduktionen, zu zahlreichen Konzerten und Konzertreisen der Schubert Akademie (B\u00fchnenorchester der Wiener S\u00e4ngerknaben) in Wien, Indien und Hongkong, so wie zu Auftritten mit dem Wiener [&hellip;]<\/p>","protected":false},"author":1,"featured_media":0,"parent":0,"menu_order":0,"comment_status":"closed","ping_status":"closed","template":"","meta":{"site-sidebar-layout":"default","site-content-layout":"","ast-site-content-layout":"","site-content-style":"default","site-sidebar-style":"default","ast-global-header-display":"","ast-banner-title-visibility":"","ast-main-header-display":"","ast-hfb-above-header-display":"","ast-hfb-below-header-display":"","ast-hfb-mobile-header-display":"","site-post-title":"","ast-breadcrumbs-content":"","ast-featured-img":"","footer-sml-layout":"","theme-transparent-header-meta":"","adv-header-id-meta":"","stick-header-meta":"","header-above-stick-meta":"","header-main-stick-meta":"","header-below-stick-meta":"","astra-migrate-meta-layouts":"default","ast-page-background-enabled":"default","ast-page-background-meta":{"desktop":{"background-color":"","background-image":"","background-repeat":"repeat","background-position":"center center","background-size":"auto","background-attachment":"scroll","background-type":"","background-media":"","overlay-type":"","overlay-color":"","overlay-gradient":""},"tablet":{"background-color":"","background-image":"","background-repeat":"repeat","background-position":"center center","background-size":"auto","background-attachment":"scroll","background-type":"","background-media":"","overlay-type":"","overlay-color":"","overlay-gradient":""},"mobile":{"background-color":"","background-image":"","background-repeat":"repeat","background-position":"center center","background-size":"auto","background-attachment":"scroll","background-type":"","background-media":"","overlay-type":"","overlay-color":"","overlay-gradient":""}},"ast-content-background-meta":{"desktop":{"background-color":"var(--ast-global-color-5)","background-image":"","background-repeat":"repeat","background-position":"center center","background-size":"auto","background-attachment":"scroll","background-type":"","background-media":"","overlay-type":"","overlay-color":"","overlay-gradient":""},"tablet":{"background-color":"var(--ast-global-color-5)","background-image":"","background-repeat":"repeat","background-position":"center center","background-size":"auto","background-attachment":"scroll","background-type":"","background-media":"","overlay-type":"","overlay-color":"","overlay-gradient":""},"mobile":{"background-color":"var(--ast-global-color-5)","background-image":"","background-repeat":"repeat","background-position":"center center","background-size":"auto","background-attachment":"scroll","background-type":"","background-media":"","overlay-type":"","overlay-color":"","overlay-gradient":""}},"footnotes":""},"class_list":["post-1437","page","type-page","status-publish","hentry"],"yoast_head":"<!-- This site is optimized with the Yoast SEO plugin v22.1 - https:\/\/yoast.com\/wordpress\/plugins\/seo\/ -->\n<title>Alenka Brecelj - Baroque Arabesque<\/title>\n<meta name=\"robots\" content=\"index, follow, max-snippet:-1, max-image-preview:large, max-video-preview:-1\" \/>\n<link rel=\"canonical\" href=\"https:\/\/baroquearabesque.com\/de\/alenka-brecelj\/\" \/>\n<meta property=\"og:locale\" content=\"de_DE\" \/>\n<meta property=\"og:type\" content=\"article\" \/>\n<meta property=\"og:title\" content=\"Alenka Brecelj - Baroque Arabesque\" \/>\n<meta property=\"og:description\" content=\"In Wien in eine Musikerfamilie geboren, erhielt Alenka Brecelj mit f\u00fcnf Jahren ihren ersten Violinunterricht.Ihre k\u00fcnstlerische T\u00e4tigkeit f\u00fchrte sie unter anderem zur Mitwirkung im B\u00fchnenorchester der Wiener Staatsoper bei diversen Opernproduktionen, zu zahlreichen Konzerten und Konzertreisen der Schubert Akademie (B\u00fchnenorchester der Wiener S\u00e4ngerknaben) in Wien, Indien und Hongkong, so wie zu Auftritten mit dem Wiener [&hellip;]\" \/>\n<meta property=\"og:url\" content=\"https:\/\/baroquearabesque.com\/de\/alenka-brecelj\/\" \/>\n<meta property=\"og:site_name\" content=\"Baroque Arabesque\" \/>\n<meta property=\"article:modified_time\" content=\"2024-07-21T15:56:03+00:00\" \/>\n<meta property=\"og:image\" content=\"https:\/\/baroquearabesque.com\/wp-content\/uploads\/2024\/07\/Alenka-Brecelj-683x1024.webp\" \/>\n<meta name=\"twitter:card\" content=\"summary_large_image\" \/>\n<meta name=\"twitter:label1\" content=\"Gesch\u00e4tzte Lesezeit\" \/>\n\t<meta name=\"twitter:data1\" content=\"1 Minute\" \/>\n<script type=\"application\/ld+json\" class=\"yoast-schema-graph\">{\"@context\":\"https:\/\/schema.org\",\"@graph\":[{\"@type\":\"WebPage\",\"@id\":\"https:\/\/baroquearabesque.com\/alenka-brecelj\/\",\"url\":\"https:\/\/baroquearabesque.com\/alenka-brecelj\/\",\"name\":\"Alenka Brecelj - Baroque Arabesque\",\"isPartOf\":{\"@id\":\"https:\/\/baroquearabesque.com\/#website\"},\"datePublished\":\"2024-07-21T15:47:47+00:00\",\"dateModified\":\"2024-07-21T15:56:03+00:00\",\"breadcrumb\":{\"@id\":\"https:\/\/baroquearabesque.com\/alenka-brecelj\/#breadcrumb\"},\"inLanguage\":\"de-AT\",\"potentialAction\":[{\"@type\":\"ReadAction\",\"target\":[\"https:\/\/baroquearabesque.com\/alenka-brecelj\/\"]}]},{\"@type\":\"BreadcrumbList\",\"@id\":\"https:\/\/baroquearabesque.com\/alenka-brecelj\/#breadcrumb\",\"itemListElement\":[{\"@type\":\"ListItem\",\"position\":1,\"name\":\"Home\",\"item\":\"https:\/\/baroquearabesque.com\/\"},{\"@type\":\"ListItem\",\"position\":2,\"name\":\"Alenka Brecelj\"}]},{\"@type\":\"WebSite\",\"@id\":\"https:\/\/baroquearabesque.com\/#website\",\"url\":\"https:\/\/baroquearabesque.com\/\",\"name\":\"Baroque Arabesque\",\"description\":\"Baroque World Music\",\"potentialAction\":[{\"@type\":\"SearchAction\",\"target\":{\"@type\":\"EntryPoint\",\"urlTemplate\":\"https:\/\/baroquearabesque.com\/?s={search_term_string}\"},\"query-input\":\"required name=search_term_string\"}],\"inLanguage\":\"de-AT\"}]}<\/script>\n<!-- \/ Yoast SEO plugin. -->","yoast_head_json":{"title":"Alenka Brecelj - Baroque Arabesque","robots":{"index":"index","follow":"follow","max-snippet":"max-snippet:-1","max-image-preview":"max-image-preview:large","max-video-preview":"max-video-preview:-1"},"canonical":"https:\/\/baroquearabesque.com\/de\/alenka-brecelj\/","og_locale":"de_DE","og_type":"article","og_title":"Alenka Brecelj - Baroque Arabesque","og_description":"In Wien in eine Musikerfamilie geboren, erhielt Alenka Brecelj mit f\u00fcnf Jahren ihren ersten Violinunterricht.Ihre k\u00fcnstlerische T\u00e4tigkeit f\u00fchrte sie unter anderem zur Mitwirkung im B\u00fchnenorchester der Wiener Staatsoper bei diversen Opernproduktionen, zu zahlreichen Konzerten und Konzertreisen der Schubert Akademie (B\u00fchnenorchester der Wiener S\u00e4ngerknaben) in Wien, Indien und Hongkong, so wie zu Auftritten mit dem Wiener [&hellip;]","og_url":"https:\/\/baroquearabesque.com\/de\/alenka-brecelj\/","og_site_name":"Baroque Arabesque","article_modified_time":"2024-07-21T15:56:03+00:00","og_image":[{"url":"https:\/\/baroquearabesque.com\/wp-content\/uploads\/2024\/07\/Alenka-Brecelj-683x1024.webp"}],"twitter_card":"summary_large_image","twitter_misc":{"Gesch\u00e4tzte Lesezeit":"1 Minute"},"schema":{"@context":"https:\/\/schema.org","@graph":[{"@type":"WebPage","@id":"https:\/\/baroquearabesque.com\/alenka-brecelj\/","url":"https:\/\/baroquearabesque.com\/alenka-brecelj\/","name":"Alenka Brecelj - Baroque Arabesque","isPartOf":{"@id":"https:\/\/baroquearabesque.com\/#website"},"datePublished":"2024-07-21T15:47:47+00:00","dateModified":"2024-07-21T15:56:03+00:00","breadcrumb":{"@id":"https:\/\/baroquearabesque.com\/alenka-brecelj\/#breadcrumb"},"inLanguage":"de-AT","potentialAction":[{"@type":"ReadAction","target":["https:\/\/baroquearabesque.com\/alenka-brecelj\/"]}]},{"@type":"BreadcrumbList","@id":"https:\/\/baroquearabesque.com\/alenka-brecelj\/#breadcrumb","itemListElement":[{"@type":"ListItem","position":1,"name":"Home","item":"https:\/\/baroquearabesque.com\/"},{"@type":"ListItem","position":2,"name":"Alenka Brecelj"}]},{"@type":"WebSite","@id":"https:\/\/baroquearabesque.com\/#website","url":"https:\/\/baroquearabesque.com\/","name":"Baroque Arabesque","description":"Baroque World Music","potentialAction":[{"@type":"SearchAction","target":{"@type":"EntryPoint","urlTemplate":"https:\/\/baroquearabesque.com\/?s={search_term_string}"},"query-input":"required name=search_term_string"}],"inLanguage":"de-AT"}]}},"_links":{"self":[{"href":"https:\/\/baroquearabesque.com\/de\/wp-json\/wp\/v2\/pages\/1437","targetHints":{"allow":["GET"]}}],"collection":[{"href":"https:\/\/baroquearabesque.com\/de\/wp-json\/wp\/v2\/pages"}],"about":[{"href":"https:\/\/baroquearabesque.com\/de\/wp-json\/wp\/v2\/types\/page"}],"author":[{"embeddable":true,"href":"https:\/\/baroquearabesque.com\/de\/wp-json\/wp\/v2\/users\/1"}],"replies":[{"embeddable":true,"href":"https:\/\/baroquearabesque.com\/de\/wp-json\/wp\/v2\/comments?post=1437"}],"version-history":[{"count":10,"href":"https:\/\/baroquearabesque.com\/de\/wp-json\/wp\/v2\/pages\/1437\/revisions"}],"predecessor-version":[{"id":1450,"href":"https:\/\/baroquearabesque.com\/de\/wp-json\/wp\/v2\/pages\/1437\/revisions\/1450"}],"wp:attachment":[{"href":"https:\/\/baroquearabesque.com\/de\/wp-json\/wp\/v2\/media?parent=1437"}],"curies":[{"name":"wp","href":"https:\/\/api.w.org\/{rel}","templated":true}]}}