{"id":2,"date":"2023-08-01T14:30:12","date_gmt":"2023-08-01T14:30:12","guid":{"rendered":"https:\/\/baroquearabesque.com\/?page_id=2"},"modified":"2023-08-26T17:55:53","modified_gmt":"2023-08-26T17:55:53","slug":"marinka-brecelj","status":"publish","type":"page","link":"https:\/\/baroquearabesque.com\/de\/marinka-brecelj\/","title":{"rendered":"Marinka Brecelj"},"content":{"rendered":"<div data-elementor-type=\"wp-page\" data-elementor-id=\"2\" class=\"elementor elementor-2\">\n\t\t\t\t\t\t<section class=\"elementor-section elementor-top-section elementor-element elementor-element-12d401d elementor-section-boxed elementor-section-height-default elementor-section-height-default\" data-id=\"12d401d\" data-element_type=\"section\">\n\t\t\t\t\t\t<div class=\"elementor-container elementor-column-gap-default\">\n\t\t\t\t\t<div class=\"elementor-column elementor-col-50 elementor-top-column elementor-element elementor-element-c1c7631\" data-id=\"c1c7631\" data-element_type=\"column\">\n\t\t\t<div class=\"elementor-widget-wrap elementor-element-populated\">\n\t\t\t\t\t\t<div class=\"elementor-element elementor-element-060bc5b elementor-widget elementor-widget-image\" data-id=\"060bc5b\" data-element_type=\"widget\" data-widget_type=\"image.default\">\n\t\t\t\t<div class=\"elementor-widget-container\">\n\t\t\t<style>\/*! elementor - v3.19.0 - 26-02-2024 *\/\n.elementor-widget-image{text-align:center}.elementor-widget-image a{display:inline-block}.elementor-widget-image a img[src$=\".svg\"]{width:48px}.elementor-widget-image img{vertical-align:middle;display:inline-block}<\/style>\t\t\t\t\t\t\t\t\t\t<img fetchpriority=\"high\" decoding=\"async\" width=\"556\" height=\"748\" src=\"https:\/\/baroquearabesque.com\/wp-content\/uploads\/2023\/08\/marinka-brecelj-2.jpg\" class=\"attachment-large size-large wp-image-947\" alt=\"\" srcset=\"https:\/\/baroquearabesque.com\/wp-content\/uploads\/2023\/08\/marinka-brecelj-2.jpg 556w, https:\/\/baroquearabesque.com\/wp-content\/uploads\/2023\/08\/marinka-brecelj-2-223x300.jpg 223w\" sizes=\"(max-width: 556px) 100vw, 556px\" \/>\t\t\t\t\t\t\t\t\t\t\t\t\t<\/div>\n\t\t\t\t<\/div>\n\t\t\t\t\t<\/div>\n\t\t<\/div>\n\t\t\t\t<div class=\"elementor-column elementor-col-50 elementor-top-column elementor-element elementor-element-dc59179\" data-id=\"dc59179\" data-element_type=\"column\">\n\t\t\t<div class=\"elementor-widget-wrap elementor-element-populated\">\n\t\t\t\t\t\t<div class=\"elementor-element elementor-element-75be95e elementor-widget elementor-widget-text-editor\" data-id=\"75be95e\" data-element_type=\"widget\" data-widget_type=\"text-editor.default\">\n\t\t\t\t<div class=\"elementor-widget-container\">\n\t\t\t<style>\/*! elementor - v3.19.0 - 26-02-2024 *\/\n.elementor-widget-text-editor.elementor-drop-cap-view-stacked .elementor-drop-cap{background-color:#69727d;color:#fff}.elementor-widget-text-editor.elementor-drop-cap-view-framed .elementor-drop-cap{color:#69727d;border:3px solid;background-color:transparent}.elementor-widget-text-editor:not(.elementor-drop-cap-view-default) .elementor-drop-cap{margin-top:8px}.elementor-widget-text-editor:not(.elementor-drop-cap-view-default) .elementor-drop-cap-letter{width:1em;height:1em}.elementor-widget-text-editor .elementor-drop-cap{float:left;text-align:center;line-height:1;font-size:50px}.elementor-widget-text-editor .elementor-drop-cap-letter{display:inline-block}<\/style>\t\t\t\t<p><strong>MARINKA BRECELJ - Cembalo, Leitung und Arrangement<\/strong><\/p><p>Marinka Brecelj ist leidenschaftlich darum bem\u00fcht, die historische Auff\u00fchrungspraxis mit frischen Impulsen zu bereichern. Ihre fesselnden Auff\u00fchrungen sind mit einem ausgepr\u00e4gten Gesp\u00fcr f\u00fcr kreative Innovationen versiert und verbinden meisterhaft verschiedene Stilrichtungen und Kulturen.<\/p><p>Marinka Brecelj ist in Bozen geboren und hat schon fr\u00fch Ihre Leidenschaft f\u00fcr Musik entdeckt. Sie\nhat das Diplom f\u00fcr Klavier als Konzertfach erhalten und hat anschlie\u00dfend Ihre Ausbildung als Cembalistin, Pianistin in Wien und in Mailand fortgesetzt. Gleichzeitig studierte sie\nMusikwissenschaft an der Universit\u00e4t Bologna, wo sie mit einer Dissertation \u00fcber moderne\nCembalomusik mit Auszeichnung promovierte. Ihr umfangreiches Repertoire umfasst neben\nWerken der Barockzeit auch zeitgen\u00f6ssische Kompositionen; einige davon wurden ihr gewidmet.<\/p>\t\t\t\t\t\t<\/div>\n\t\t\t\t<\/div>\n\t\t\t\t\t<\/div>\n\t\t<\/div>\n\t\t\t\t\t<\/div>\n\t\t<\/section>\n\t\t\t\t<\/div>","protected":false},"excerpt":{"rendered":"<p>MARINKA BRECELJ harpsichord, direction and arrangement Marinka Brecelj is passionately committed to enriching historical performance practice with fresh impulses. Her captivating performances are skillfully infused with a pronounced sense of creative innovation, expertly blending various styles and cultures. Born in Bolzano, Marinka Brecelj discovered her passion for music at an early age. She received a [&hellip;]<\/p>","protected":false},"author":1,"featured_media":0,"parent":0,"menu_order":0,"comment_status":"closed","ping_status":"closed","template":"","meta":{"site-sidebar-layout":"default","site-content-layout":"","ast-site-content-layout":"","site-content-style":"default","site-sidebar-style":"default","ast-global-header-display":"","ast-banner-title-visibility":"","ast-main-header-display":"","ast-hfb-above-header-display":"","ast-hfb-below-header-display":"","ast-hfb-mobile-header-display":"","site-post-title":"","ast-breadcrumbs-content":"","ast-featured-img":"","footer-sml-layout":"","theme-transparent-header-meta":"","adv-header-id-meta":"","stick-header-meta":"","header-above-stick-meta":"","header-main-stick-meta":"","header-below-stick-meta":"","astra-migrate-meta-layouts":"default","ast-page-background-enabled":"default","ast-page-background-meta":{"desktop":{"background-color":"","background-image":"","background-repeat":"repeat","background-position":"center center","background-size":"auto","background-attachment":"scroll","background-type":"","background-media":"","overlay-type":"","overlay-color":"","overlay-gradient":""},"tablet":{"background-color":"","background-image":"","background-repeat":"repeat","background-position":"center center","background-size":"auto","background-attachment":"scroll","background-type":"","background-media":"","overlay-type":"","overlay-color":"","overlay-gradient":""},"mobile":{"background-color":"","background-image":"","background-repeat":"repeat","background-position":"center center","background-size":"auto","background-attachment":"scroll","background-type":"","background-media":"","overlay-type":"","overlay-color":"","overlay-gradient":""}},"ast-content-background-meta":{"desktop":{"background-color":"var(--ast-global-color-5)","background-image":"","background-repeat":"repeat","background-position":"center center","background-size":"auto","background-attachment":"scroll","background-type":"","background-media":"","overlay-type":"","overlay-color":"","overlay-gradient":""},"tablet":{"background-color":"var(--ast-global-color-5)","background-image":"","background-repeat":"repeat","background-position":"center center","background-size":"auto","background-attachment":"scroll","background-type":"","background-media":"","overlay-type":"","overlay-color":"","overlay-gradient":""},"mobile":{"background-color":"var(--ast-global-color-5)","background-image":"","background-repeat":"repeat","background-position":"center center","background-size":"auto","background-attachment":"scroll","background-type":"","background-media":"","overlay-type":"","overlay-color":"","overlay-gradient":""}},"footnotes":""},"class_list":["post-2","page","type-page","status-publish","hentry"],"yoast_head":"<!-- This site is optimized with the Yoast SEO plugin v22.1 - https:\/\/yoast.com\/wordpress\/plugins\/seo\/ -->\n<title>Marinka Brecelj - Baroque Arabesque<\/title>\n<meta name=\"robots\" content=\"index, follow, max-snippet:-1, max-image-preview:large, max-video-preview:-1\" \/>\n<link rel=\"canonical\" href=\"https:\/\/baroquearabesque.com\/de\/marinka-brecelj\/\" \/>\n<meta property=\"og:locale\" content=\"de_DE\" \/>\n<meta property=\"og:type\" content=\"article\" \/>\n<meta property=\"og:title\" content=\"Marinka Brecelj - Baroque Arabesque\" \/>\n<meta property=\"og:description\" content=\"MARINKA BRECELJ harpsichord, direction and arrangement Marinka Brecelj is passionately committed to enriching historical performance practice with fresh impulses. Her captivating performances are skillfully infused with a pronounced sense of creative innovation, expertly blending various styles and cultures. Born in Bolzano, Marinka Brecelj discovered her passion for music at an early age. She received a [&hellip;]\" \/>\n<meta property=\"og:url\" content=\"https:\/\/baroquearabesque.com\/de\/marinka-brecelj\/\" \/>\n<meta property=\"og:site_name\" content=\"Baroque Arabesque\" \/>\n<meta property=\"article:modified_time\" content=\"2023-08-26T17:55:53+00:00\" \/>\n<meta property=\"og:image\" content=\"https:\/\/baroquearabesque.com\/wp-content\/uploads\/2023\/08\/marinka-brecelj-2.jpg\" \/>\n<meta name=\"twitter:card\" content=\"summary_large_image\" \/>\n<meta name=\"twitter:label1\" content=\"Gesch\u00e4tzte Lesezeit\" \/>\n\t<meta name=\"twitter:data1\" content=\"1 Minute\" \/>\n<script type=\"application\/ld+json\" class=\"yoast-schema-graph\">{\"@context\":\"https:\/\/schema.org\",\"@graph\":[{\"@type\":\"WebPage\",\"@id\":\"https:\/\/baroquearabesque.com\/marinka-brecelj\/\",\"url\":\"https:\/\/baroquearabesque.com\/marinka-brecelj\/\",\"name\":\"Marinka Brecelj - Baroque Arabesque\",\"isPartOf\":{\"@id\":\"https:\/\/baroquearabesque.com\/#website\"},\"datePublished\":\"2023-08-01T14:30:12+00:00\",\"dateModified\":\"2023-08-26T17:55:53+00:00\",\"breadcrumb\":{\"@id\":\"https:\/\/baroquearabesque.com\/marinka-brecelj\/#breadcrumb\"},\"inLanguage\":\"de-AT\",\"potentialAction\":[{\"@type\":\"ReadAction\",\"target\":[\"https:\/\/baroquearabesque.com\/marinka-brecelj\/\"]}]},{\"@type\":\"BreadcrumbList\",\"@id\":\"https:\/\/baroquearabesque.com\/marinka-brecelj\/#breadcrumb\",\"itemListElement\":[{\"@type\":\"ListItem\",\"position\":1,\"name\":\"Home\",\"item\":\"https:\/\/baroquearabesque.com\/\"},{\"@type\":\"ListItem\",\"position\":2,\"name\":\"Marinka Brecelj\"}]},{\"@type\":\"WebSite\",\"@id\":\"https:\/\/baroquearabesque.com\/#website\",\"url\":\"https:\/\/baroquearabesque.com\/\",\"name\":\"Baroque Arabesque\",\"description\":\"Baroque World Music\",\"potentialAction\":[{\"@type\":\"SearchAction\",\"target\":{\"@type\":\"EntryPoint\",\"urlTemplate\":\"https:\/\/baroquearabesque.com\/?s={search_term_string}\"},\"query-input\":\"required name=search_term_string\"}],\"inLanguage\":\"de-AT\"}]}<\/script>\n<!-- \/ Yoast SEO plugin. -->","yoast_head_json":{"title":"Marinka Brecelj - Baroque Arabesque","robots":{"index":"index","follow":"follow","max-snippet":"max-snippet:-1","max-image-preview":"max-image-preview:large","max-video-preview":"max-video-preview:-1"},"canonical":"https:\/\/baroquearabesque.com\/de\/marinka-brecelj\/","og_locale":"de_DE","og_type":"article","og_title":"Marinka Brecelj - Baroque Arabesque","og_description":"MARINKA BRECELJ harpsichord, direction and arrangement Marinka Brecelj is passionately committed to enriching historical performance practice with fresh impulses. Her captivating performances are skillfully infused with a pronounced sense of creative innovation, expertly blending various styles and cultures. Born in Bolzano, Marinka Brecelj discovered her passion for music at an early age. She received a [&hellip;]","og_url":"https:\/\/baroquearabesque.com\/de\/marinka-brecelj\/","og_site_name":"Baroque Arabesque","article_modified_time":"2023-08-26T17:55:53+00:00","og_image":[{"url":"https:\/\/baroquearabesque.com\/wp-content\/uploads\/2023\/08\/marinka-brecelj-2.jpg"}],"twitter_card":"summary_large_image","twitter_misc":{"Gesch\u00e4tzte Lesezeit":"1 Minute"},"schema":{"@context":"https:\/\/schema.org","@graph":[{"@type":"WebPage","@id":"https:\/\/baroquearabesque.com\/marinka-brecelj\/","url":"https:\/\/baroquearabesque.com\/marinka-brecelj\/","name":"Marinka Brecelj - Baroque Arabesque","isPartOf":{"@id":"https:\/\/baroquearabesque.com\/#website"},"datePublished":"2023-08-01T14:30:12+00:00","dateModified":"2023-08-26T17:55:53+00:00","breadcrumb":{"@id":"https:\/\/baroquearabesque.com\/marinka-brecelj\/#breadcrumb"},"inLanguage":"de-AT","potentialAction":[{"@type":"ReadAction","target":["https:\/\/baroquearabesque.com\/marinka-brecelj\/"]}]},{"@type":"BreadcrumbList","@id":"https:\/\/baroquearabesque.com\/marinka-brecelj\/#breadcrumb","itemListElement":[{"@type":"ListItem","position":1,"name":"Home","item":"https:\/\/baroquearabesque.com\/"},{"@type":"ListItem","position":2,"name":"Marinka Brecelj"}]},{"@type":"WebSite","@id":"https:\/\/baroquearabesque.com\/#website","url":"https:\/\/baroquearabesque.com\/","name":"Baroque Arabesque","description":"Baroque World Music","potentialAction":[{"@type":"SearchAction","target":{"@type":"EntryPoint","urlTemplate":"https:\/\/baroquearabesque.com\/?s={search_term_string}"},"query-input":"required name=search_term_string"}],"inLanguage":"de-AT"}]}},"_links":{"self":[{"href":"https:\/\/baroquearabesque.com\/de\/wp-json\/wp\/v2\/pages\/2","targetHints":{"allow":["GET"]}}],"collection":[{"href":"https:\/\/baroquearabesque.com\/de\/wp-json\/wp\/v2\/pages"}],"about":[{"href":"https:\/\/baroquearabesque.com\/de\/wp-json\/wp\/v2\/types\/page"}],"author":[{"embeddable":true,"href":"https:\/\/baroquearabesque.com\/de\/wp-json\/wp\/v2\/users\/1"}],"replies":[{"embeddable":true,"href":"https:\/\/baroquearabesque.com\/de\/wp-json\/wp\/v2\/comments?post=2"}],"version-history":[{"count":13,"href":"https:\/\/baroquearabesque.com\/de\/wp-json\/wp\/v2\/pages\/2\/revisions"}],"predecessor-version":[{"id":1124,"href":"https:\/\/baroquearabesque.com\/de\/wp-json\/wp\/v2\/pages\/2\/revisions\/1124"}],"wp:attachment":[{"href":"https:\/\/baroquearabesque.com\/de\/wp-json\/wp\/v2\/media?parent=2"}],"curies":[{"name":"wp","href":"https:\/\/api.w.org\/{rel}","templated":true}]}}