{"id":3,"date":"2023-08-01T14:30:12","date_gmt":"2023-08-01T14:30:12","guid":{"rendered":"https:\/\/baroquearabesque.com\/?page_id=3"},"modified":"2023-08-06T20:54:32","modified_gmt":"2023-08-06T20:54:32","slug":"privacy-policy","status":"publish","type":"page","link":"https:\/\/baroquearabesque.com\/de\/privacy-policy\/","title":{"rendered":"Impressum"},"content":{"rendered":"<div data-elementor-type=\"wp-page\" data-elementor-id=\"3\" class=\"elementor elementor-3\">\n\t\t\t\t\t\t<section class=\"elementor-section elementor-top-section elementor-element elementor-element-6bc066b7 elementor-section-boxed elementor-section-height-default elementor-section-height-default\" data-id=\"6bc066b7\" data-element_type=\"section\">\n\t\t\t\t\t\t<div class=\"elementor-container elementor-column-gap-default\">\n\t\t\t\t\t<div class=\"elementor-column elementor-col-100 elementor-top-column elementor-element elementor-element-b576851\" data-id=\"b576851\" data-element_type=\"column\">\n\t\t\t<div class=\"elementor-widget-wrap elementor-element-populated\">\n\t\t\t\t\t\t<div class=\"elementor-element elementor-element-71b91fa8 elementor-widget elementor-widget-text-editor\" data-id=\"71b91fa8\" data-element_type=\"widget\" data-widget_type=\"text-editor.default\">\n\t\t\t\t<div class=\"elementor-widget-container\">\n\t\t\t<style>\/*! elementor - v3.19.0 - 26-02-2024 *\/\n.elementor-widget-text-editor.elementor-drop-cap-view-stacked .elementor-drop-cap{background-color:#69727d;color:#fff}.elementor-widget-text-editor.elementor-drop-cap-view-framed .elementor-drop-cap{color:#69727d;border:3px solid;background-color:transparent}.elementor-widget-text-editor:not(.elementor-drop-cap-view-default) .elementor-drop-cap{margin-top:8px}.elementor-widget-text-editor:not(.elementor-drop-cap-view-default) .elementor-drop-cap-letter{width:1em;height:1em}.elementor-widget-text-editor .elementor-drop-cap{float:left;text-align:center;line-height:1;font-size:50px}.elementor-widget-text-editor .elementor-drop-cap-letter{display:inline-block}<\/style>\t\t\t\t<!-- wp:heading -->\n<h2 class=\"wp-block-heading\">Wer sind wir<\/h2>\n<!-- \/wp:heading --><!-- wp:paragraph -->\n<p>Website Addresse : https:\/\/baroquearabesque.com<\/p>\n<!-- \/wp:paragraph --><!-- wp:paragraph -->\n<p>F\u00fcr den Inhalt verantwortlich: <strong>Marinka Brecelj<\/strong><\/p>\n<p>Adresse: Wien, \u00d6sterreich<\/p>\n<!-- \/wp:paragraph --><!-- wp:heading -->\n<h2 class=\"wp-block-heading\">Credits<\/h2>\n<!-- \/wp:heading --><!-- wp:paragraph -->\n<p>Webdesign: <strong><a href=\"http:\/\/www.liliakirilova.com\">Lilia Kirilova<\/a><\/strong><\/p>\n<!-- \/wp:paragraph --><!-- wp:paragraph -->\n<p>Videos: <b>\u00a0\u00d6sg\u00fcn Yarar <\/b>(Adio querida, Solo Cembalo, bald \u00dcsk\u00fcdar)<b>, Fesih Alpagu<br \/><br \/><\/b>Fotos: \u00a0<strong>Georg Buxhofer<\/strong><\/p>\n<!-- \/wp:paragraph --><!-- wp:heading -->\n<p>\u00a0<\/p>\n<!-- \/wp:paragraph --><!-- wp:heading -->\n<h2 class=\"wp-block-heading\">Eingebettete Inhalte von anderen Websites<\/h2>\n<!-- \/wp:heading --><!-- wp:paragraph -->\n<p>Beitr\u00e4ge auf dieser Website k\u00f6nnen eingebettete Inhalte beinhalten (z. B. Videos, Bilder, Beitr\u00e4ge etc.). Eingebettete Inhalte von anderen Websites verhalten sich exakt so, als ob der Besucher die andere Website besucht h\u00e4tte.<\/p>\n<!-- \/wp:paragraph --><!-- wp:paragraph -->\n<p>Diese Websites k\u00f6nnen Daten \u00fcber dich sammeln, Cookies benutzen, zus\u00e4tzliche Tracking-Dienste von Dritten einbetten und deine Interaktion mit diesem eingebetteten Inhalt aufzeichnen<\/p>\n<!-- \/wp:paragraph --><!-- wp:heading -->\n<p>\u00a0<\/p>\n<!-- \/wp:paragraph --><!-- wp:heading -->\n<p>\u00a0<\/p>\n<!-- \/wp:paragraph -->\t\t\t\t\t\t<\/div>\n\t\t\t\t<\/div>\n\t\t\t\t\t<\/div>\n\t\t<\/div>\n\t\t\t\t\t<\/div>\n\t\t<\/section>\n\t\t\t\t<\/div>","protected":false},"excerpt":{"rendered":"<p>Who we are Our website address is: https:\/\/baroquearabesque.com Website owner: Marinka Brecelj Address: Vienna, Austria Credits Webdesign: Lilia Kirilova Videos: \u00a0\u00d6sg\u00fcn Yarar (Adio querida, Solo Cembalo, bald \u00dcsk\u00fcdar), Fesih Alpagu Fotos: \u00a0Georg Buxhofer \u00a0 Embedded content from other websites Articles on this site may include embedded content (e.g. videos, images, articles, etc.). Embedded content from [&hellip;]<\/p>","protected":false},"author":1,"featured_media":0,"parent":0,"menu_order":0,"comment_status":"closed","ping_status":"open","template":"","meta":{"site-sidebar-layout":"default","site-content-layout":"","ast-site-content-layout":"","site-content-style":"default","site-sidebar-style":"default","ast-global-header-display":"","ast-banner-title-visibility":"","ast-main-header-display":"","ast-hfb-above-header-display":"","ast-hfb-below-header-display":"","ast-hfb-mobile-header-display":"","site-post-title":"","ast-breadcrumbs-content":"","ast-featured-img":"","footer-sml-layout":"","theme-transparent-header-meta":"","adv-header-id-meta":"","stick-header-meta":"","header-above-stick-meta":"","header-main-stick-meta":"","header-below-stick-meta":"","astra-migrate-meta-layouts":"default","ast-page-background-enabled":"default","ast-page-background-meta":{"desktop":{"background-color":"","background-image":"","background-repeat":"repeat","background-position":"center center","background-size":"auto","background-attachment":"scroll","background-type":"","background-media":"","overlay-type":"","overlay-color":"","overlay-gradient":""},"tablet":{"background-color":"","background-image":"","background-repeat":"repeat","background-position":"center center","background-size":"auto","background-attachment":"scroll","background-type":"","background-media":"","overlay-type":"","overlay-color":"","overlay-gradient":""},"mobile":{"background-color":"","background-image":"","background-repeat":"repeat","background-position":"center center","background-size":"auto","background-attachment":"scroll","background-type":"","background-media":"","overlay-type":"","overlay-color":"","overlay-gradient":""}},"ast-content-background-meta":{"desktop":{"background-color":"var(--ast-global-color-5)","background-image":"","background-repeat":"repeat","background-position":"center center","background-size":"auto","background-attachment":"scroll","background-type":"","background-media":"","overlay-type":"","overlay-color":"","overlay-gradient":""},"tablet":{"background-color":"var(--ast-global-color-5)","background-image":"","background-repeat":"repeat","background-position":"center center","background-size":"auto","background-attachment":"scroll","background-type":"","background-media":"","overlay-type":"","overlay-color":"","overlay-gradient":""},"mobile":{"background-color":"var(--ast-global-color-5)","background-image":"","background-repeat":"repeat","background-position":"center center","background-size":"auto","background-attachment":"scroll","background-type":"","background-media":"","overlay-type":"","overlay-color":"","overlay-gradient":""}},"footnotes":""},"class_list":["post-3","page","type-page","status-publish","hentry"],"yoast_head":"<!-- This site is optimized with the Yoast SEO plugin v22.1 - https:\/\/yoast.com\/wordpress\/plugins\/seo\/ -->\n<title>Legal - Baroque Arabesque<\/title>\n<meta name=\"robots\" content=\"index, follow, max-snippet:-1, max-image-preview:large, max-video-preview:-1\" \/>\n<link rel=\"canonical\" href=\"https:\/\/baroquearabesque.com\/de\/privacy-policy\/\" \/>\n<meta property=\"og:locale\" content=\"de_DE\" \/>\n<meta property=\"og:type\" content=\"article\" \/>\n<meta property=\"og:title\" content=\"Legal - Baroque Arabesque\" \/>\n<meta property=\"og:description\" content=\"Who we are Our website address is: https:\/\/baroquearabesque.com Website owner: Marinka Brecelj Address: Vienna, Austria Credits Webdesign: Lilia Kirilova Videos: \u00a0\u00d6sg\u00fcn Yarar (Adio querida, Solo Cembalo, bald \u00dcsk\u00fcdar), Fesih Alpagu Fotos: \u00a0Georg Buxhofer \u00a0 Embedded content from other websites Articles on this site may include embedded content (e.g. videos, images, articles, etc.). Embedded content from [&hellip;]\" \/>\n<meta property=\"og:url\" content=\"https:\/\/baroquearabesque.com\/de\/privacy-policy\/\" \/>\n<meta property=\"og:site_name\" content=\"Baroque Arabesque\" \/>\n<meta property=\"article:modified_time\" content=\"2023-08-06T20:54:32+00:00\" \/>\n<meta property=\"og:image\" content=\"https:\/\/baroquearabesque.com\/wp-content\/uploads\/2023\/08\/Baroque-Arabesque-Baroque-World-Music.jpg\" \/>\n\t<meta property=\"og:image:width\" content=\"1200\" \/>\n\t<meta property=\"og:image:height\" content=\"675\" \/>\n\t<meta property=\"og:image:type\" content=\"image\/jpeg\" \/>\n<meta name=\"twitter:card\" content=\"summary_large_image\" \/>\n<meta name=\"twitter:label1\" content=\"Gesch\u00e4tzte Lesezeit\" \/>\n\t<meta name=\"twitter:data1\" content=\"1 Minute\" \/>\n<script type=\"application\/ld+json\" class=\"yoast-schema-graph\">{\"@context\":\"https:\/\/schema.org\",\"@graph\":[{\"@type\":\"WebPage\",\"@id\":\"https:\/\/baroquearabesque.com\/privacy-policy\/\",\"url\":\"https:\/\/baroquearabesque.com\/privacy-policy\/\",\"name\":\"Legal - Baroque Arabesque\",\"isPartOf\":{\"@id\":\"https:\/\/baroquearabesque.com\/#website\"},\"datePublished\":\"2023-08-01T14:30:12+00:00\",\"dateModified\":\"2023-08-06T20:54:32+00:00\",\"breadcrumb\":{\"@id\":\"https:\/\/baroquearabesque.com\/privacy-policy\/#breadcrumb\"},\"inLanguage\":\"de-AT\",\"potentialAction\":[{\"@type\":\"ReadAction\",\"target\":[\"https:\/\/baroquearabesque.com\/privacy-policy\/\"]}]},{\"@type\":\"BreadcrumbList\",\"@id\":\"https:\/\/baroquearabesque.com\/privacy-policy\/#breadcrumb\",\"itemListElement\":[{\"@type\":\"ListItem\",\"position\":1,\"name\":\"Home\",\"item\":\"https:\/\/baroquearabesque.com\/\"},{\"@type\":\"ListItem\",\"position\":2,\"name\":\"Legal\"}]},{\"@type\":\"WebSite\",\"@id\":\"https:\/\/baroquearabesque.com\/#website\",\"url\":\"https:\/\/baroquearabesque.com\/\",\"name\":\"Baroque Arabesque\",\"description\":\"Baroque World Music\",\"potentialAction\":[{\"@type\":\"SearchAction\",\"target\":{\"@type\":\"EntryPoint\",\"urlTemplate\":\"https:\/\/baroquearabesque.com\/?s={search_term_string}\"},\"query-input\":\"required name=search_term_string\"}],\"inLanguage\":\"de-AT\"}]}<\/script>\n<!-- \/ Yoast SEO plugin. -->","yoast_head_json":{"title":"Legal - Baroque Arabesque","robots":{"index":"index","follow":"follow","max-snippet":"max-snippet:-1","max-image-preview":"max-image-preview:large","max-video-preview":"max-video-preview:-1"},"canonical":"https:\/\/baroquearabesque.com\/de\/privacy-policy\/","og_locale":"de_DE","og_type":"article","og_title":"Legal - Baroque Arabesque","og_description":"Who we are Our website address is: https:\/\/baroquearabesque.com Website owner: Marinka Brecelj Address: Vienna, Austria Credits Webdesign: Lilia Kirilova Videos: \u00a0\u00d6sg\u00fcn Yarar (Adio querida, Solo Cembalo, bald \u00dcsk\u00fcdar), Fesih Alpagu Fotos: \u00a0Georg Buxhofer \u00a0 Embedded content from other websites Articles on this site may include embedded content (e.g. videos, images, articles, etc.). Embedded content from [&hellip;]","og_url":"https:\/\/baroquearabesque.com\/de\/privacy-policy\/","og_site_name":"Baroque Arabesque","article_modified_time":"2023-08-06T20:54:32+00:00","og_image":[{"width":1200,"height":675,"url":"https:\/\/baroquearabesque.com\/wp-content\/uploads\/2023\/08\/Baroque-Arabesque-Baroque-World-Music.jpg","type":"image\/jpeg"}],"twitter_card":"summary_large_image","twitter_misc":{"Gesch\u00e4tzte Lesezeit":"1 Minute"},"schema":{"@context":"https:\/\/schema.org","@graph":[{"@type":"WebPage","@id":"https:\/\/baroquearabesque.com\/privacy-policy\/","url":"https:\/\/baroquearabesque.com\/privacy-policy\/","name":"Legal - Baroque Arabesque","isPartOf":{"@id":"https:\/\/baroquearabesque.com\/#website"},"datePublished":"2023-08-01T14:30:12+00:00","dateModified":"2023-08-06T20:54:32+00:00","breadcrumb":{"@id":"https:\/\/baroquearabesque.com\/privacy-policy\/#breadcrumb"},"inLanguage":"de-AT","potentialAction":[{"@type":"ReadAction","target":["https:\/\/baroquearabesque.com\/privacy-policy\/"]}]},{"@type":"BreadcrumbList","@id":"https:\/\/baroquearabesque.com\/privacy-policy\/#breadcrumb","itemListElement":[{"@type":"ListItem","position":1,"name":"Home","item":"https:\/\/baroquearabesque.com\/"},{"@type":"ListItem","position":2,"name":"Legal"}]},{"@type":"WebSite","@id":"https:\/\/baroquearabesque.com\/#website","url":"https:\/\/baroquearabesque.com\/","name":"Baroque Arabesque","description":"Baroque World Music","potentialAction":[{"@type":"SearchAction","target":{"@type":"EntryPoint","urlTemplate":"https:\/\/baroquearabesque.com\/?s={search_term_string}"},"query-input":"required name=search_term_string"}],"inLanguage":"de-AT"}]}},"_links":{"self":[{"href":"https:\/\/baroquearabesque.com\/de\/wp-json\/wp\/v2\/pages\/3","targetHints":{"allow":["GET"]}}],"collection":[{"href":"https:\/\/baroquearabesque.com\/de\/wp-json\/wp\/v2\/pages"}],"about":[{"href":"https:\/\/baroquearabesque.com\/de\/wp-json\/wp\/v2\/types\/page"}],"author":[{"embeddable":true,"href":"https:\/\/baroquearabesque.com\/de\/wp-json\/wp\/v2\/users\/1"}],"replies":[{"embeddable":true,"href":"https:\/\/baroquearabesque.com\/de\/wp-json\/wp\/v2\/comments?post=3"}],"version-history":[{"count":11,"href":"https:\/\/baroquearabesque.com\/de\/wp-json\/wp\/v2\/pages\/3\/revisions"}],"predecessor-version":[{"id":1031,"href":"https:\/\/baroquearabesque.com\/de\/wp-json\/wp\/v2\/pages\/3\/revisions\/1031"}],"wp:attachment":[{"href":"https:\/\/baroquearabesque.com\/de\/wp-json\/wp\/v2\/media?parent=3"}],"curies":[{"name":"wp","href":"https:\/\/api.w.org\/{rel}","templated":true}]}}